{"id":25587,"date":"2021-02-12T19:25:42","date_gmt":"2021-02-12T18:25:42","guid":{"rendered":"https:\/\/faus-moliner.com\/quienes-somos\/"},"modified":"2021-06-23T14:03:09","modified_gmt":"2021-06-23T13:03:09","slug":"la-nostra-visio-i-principis-basics","status":"publish","type":"page","link":"https:\/\/faus-moliner.com\/ca\/la-nostra-visio-i-principis-basics\/","title":{"rendered":"La nostra visi\u00f3 i principis b\u00e0sics"},"content":{"rendered":"\n<h3 class=\"title3 wp-block-heading\">Boutique<\/h3>\n\n\n\n<p>Estem 100% dedicats a companyies que operen en el sector de Life Sciences.<\/p>\n\n\n\n<h3 class=\"title3 wp-block-heading\">Visi\u00f3 global<\/h3>\n\n\n\n<p>Coneixem b\u00e9 el sector de Life Sciences, la qual cosa ens permet entendre la posici\u00f3 de totes les parts a l\u2019hora de prestar serveis d&#8217;assessorament.<\/p>\n\n\n\n<h3 class=\"title3 wp-block-heading\">Enfocament<\/h3>\n\n\n\n<p>Prestem assessorament pensant en termes pr\u00e0ctics, a donar solucions a les unitats de negoci.<\/p>\n\n\n\n<h3 class=\"title3 wp-block-heading\">Hands-on<\/h3>\n\n\n\n<p>Som una firma en la qual els socis ens ocupem directament dels assumptes dels nostres clients.<\/p>\n\n\n\n<h3 class=\"title3 wp-block-heading\">Dedicaci\u00f3<\/h3>\n\n\n\n<p>Oferim tranquil\u00b7litat, nosaltres ens encarreguem del seu assumpte.<\/p>\n\n\n\n<h3 class=\"title3 wp-block-heading\">Gaudim<\/h3>\n\n\n\n<p>La nostra visi\u00f3 \u00e9s que acudir a un despatx d&#8217;advocats ha de convertir-se en una experi\u00e8ncia agradable.<\/p>\n\n\n\n<h3 class=\"title3 wp-block-heading\">Compartir<\/h3>\n\n\n\n<p>Publiquem articles i llibres, i participem en confer\u00e8ncies, perqu\u00e8 estem encantats de poder compartir els nostres punts de vista.<\/p>\n","protected":false},"excerpt":{"rendered":"<p>Boutique Estem 100% dedicats a companyies que operen en el sector de Life Sciences. Visi\u00f3 global Coneixem b\u00e9 el sector de Life Sciences, la qual cosa ens permet entendre la posici\u00f3 de totes les parts a l\u2019hora de prestar serveis d&#8217;assessorament. Enfocament Prestem assessorament pensant en termes pr\u00e0ctics, a donar solucions a les unitats de&#8230; <\/p>\n<div class=\"clear\"><\/div>\n<p><a href=\"https:\/\/faus-moliner.com\/ca\/la-nostra-visio-i-principis-basics\/\" class=\"excerpt-read-more\">M\u00e9s informaci\u00f3<\/a><\/p>\n","protected":false},"author":1,"featured_media":0,"parent":0,"menu_order":0,"comment_status":"closed","ping_status":"closed","template":"","meta":{"_acf_changed":false,"inline_featured_image":false,"footnotes":""},"coauthors":[],"class_list":["post-25587","page","type-page","status-publish","hentry"],"acf":[],"yoast_head":"<!-- This site is optimized with the Yoast SEO plugin v26.6 - https:\/\/yoast.com\/wordpress\/plugins\/seo\/ -->\n<title>La nostra visi\u00f3 i principis b\u00e0sics - Faus Moliner<\/title>\n<meta name=\"robots\" content=\"index, follow, max-snippet:-1, max-image-preview:large, max-video-preview:-1\" \/>\n<link rel=\"canonical\" href=\"https:\/\/faus-moliner.com\/ca\/la-nostra-visio-i-principis-basics\/\" \/>\n<meta property=\"og:locale\" content=\"ca_ES\" \/>\n<meta property=\"og:type\" content=\"article\" \/>\n<meta property=\"og:title\" content=\"La nostra visi\u00f3 i principis b\u00e0sics - Faus Moliner\" \/>\n<meta property=\"og:description\" content=\"Boutique Estem 100% dedicats a companyies que operen en el sector de Life Sciences. Visi\u00f3 global Coneixem b\u00e9 el sector de Life Sciences, la qual cosa ens permet entendre la posici\u00f3 de totes les parts a l\u2019hora de prestar serveis d&#8217;assessorament. Enfocament Prestem assessorament pensant en termes pr\u00e0ctics, a donar solucions a les unitats de... M\u00e9s informaci\u00f3\" \/>\n<meta property=\"og:url\" content=\"https:\/\/faus-moliner.com\/ca\/la-nostra-visio-i-principis-basics\/\" \/>\n<meta property=\"og:site_name\" content=\"Faus Moliner\" \/>\n<meta property=\"article:modified_time\" content=\"2021-06-23T13:03:09+00:00\" \/>\n<meta name=\"twitter:card\" content=\"summary_large_image\" \/>\n<meta name=\"twitter:label1\" content=\"Temps estimat de lectura\" \/>\n\t<meta name=\"twitter:data1\" content=\"1 minut\" \/>\n\t<meta name=\"twitter:label2\" content=\"Written by\" \/>\n\t<meta name=\"twitter:data2\" content=\"Faus Moliner\" \/>\n<script type=\"application\/ld+json\" class=\"yoast-schema-graph\">{\"@context\":\"https:\/\/schema.org\",\"@graph\":[{\"@type\":\"WebPage\",\"@id\":\"https:\/\/faus-moliner.com\/ca\/la-nostra-visio-i-principis-basics\/\",\"url\":\"https:\/\/faus-moliner.com\/ca\/la-nostra-visio-i-principis-basics\/\",\"name\":\"La nostra visi\u00f3 i principis b\u00e0sics - Faus Moliner\",\"isPartOf\":{\"@id\":\"https:\/\/faus-moliner.com\/en\/#website\"},\"datePublished\":\"2021-02-12T18:25:42+00:00\",\"dateModified\":\"2021-06-23T13:03:09+00:00\",\"breadcrumb\":{\"@id\":\"https:\/\/faus-moliner.com\/ca\/la-nostra-visio-i-principis-basics\/#breadcrumb\"},\"inLanguage\":\"ca\",\"potentialAction\":[{\"@type\":\"ReadAction\",\"target\":[\"https:\/\/faus-moliner.com\/ca\/la-nostra-visio-i-principis-basics\/\"]}]},{\"@type\":\"BreadcrumbList\",\"@id\":\"https:\/\/faus-moliner.com\/ca\/la-nostra-visio-i-principis-basics\/#breadcrumb\",\"itemListElement\":[{\"@type\":\"ListItem\",\"position\":1,\"name\":\"Portada\",\"item\":\"https:\/\/faus-moliner.com\/ca\/\"},{\"@type\":\"ListItem\",\"position\":2,\"name\":\"La nostra visi\u00f3 i principis b\u00e0sics\"}]},{\"@type\":\"WebSite\",\"@id\":\"https:\/\/faus-moliner.com\/en\/#website\",\"url\":\"https:\/\/faus-moliner.com\/en\/\",\"name\":\"faus-moliner.com\",\"description\":\"Otro sitio realizado con WordPress\",\"publisher\":{\"@id\":\"https:\/\/faus-moliner.com\/en\/#organization\"},\"potentialAction\":[{\"@type\":\"SearchAction\",\"target\":{\"@type\":\"EntryPoint\",\"urlTemplate\":\"https:\/\/faus-moliner.com\/en\/?s={search_term_string}\"},\"query-input\":{\"@type\":\"PropertyValueSpecification\",\"valueRequired\":true,\"valueName\":\"search_term_string\"}}],\"inLanguage\":\"ca\"},{\"@type\":\"Organization\",\"@id\":\"https:\/\/faus-moliner.com\/en\/#organization\",\"name\":\"Faus Moliner\",\"url\":\"https:\/\/faus-moliner.com\/en\/\",\"logo\":{\"@type\":\"ImageObject\",\"inLanguage\":\"ca\",\"@id\":\"https:\/\/faus-moliner.com\/en\/#\/schema\/logo\/image\/\",\"url\":\"https:\/\/faus-moliner.com\/wp-content\/uploads\/2023\/03\/Logo-FM-web.jpg\",\"contentUrl\":\"https:\/\/faus-moliner.com\/wp-content\/uploads\/2023\/03\/Logo-FM-web.jpg\",\"width\":400,\"height\":283,\"caption\":\"Faus Moliner\"},\"image\":{\"@id\":\"https:\/\/faus-moliner.com\/en\/#\/schema\/logo\/image\/\"},\"sameAs\":[\"https:\/\/www.linkedin.com\/company\/2372042\/admin\/\"]}]}<\/script>\n<!-- \/ Yoast SEO plugin. -->","yoast_head_json":{"title":"La nostra visi\u00f3 i principis b\u00e0sics - Faus Moliner","robots":{"index":"index","follow":"follow","max-snippet":"max-snippet:-1","max-image-preview":"max-image-preview:large","max-video-preview":"max-video-preview:-1"},"canonical":"https:\/\/faus-moliner.com\/ca\/la-nostra-visio-i-principis-basics\/","og_locale":"ca_ES","og_type":"article","og_title":"La nostra visi\u00f3 i principis b\u00e0sics - Faus Moliner","og_description":"Boutique Estem 100% dedicats a companyies que operen en el sector de Life Sciences. Visi\u00f3 global Coneixem b\u00e9 el sector de Life Sciences, la qual cosa ens permet entendre la posici\u00f3 de totes les parts a l\u2019hora de prestar serveis d&#8217;assessorament. Enfocament Prestem assessorament pensant en termes pr\u00e0ctics, a donar solucions a les unitats de... M\u00e9s informaci\u00f3","og_url":"https:\/\/faus-moliner.com\/ca\/la-nostra-visio-i-principis-basics\/","og_site_name":"Faus Moliner","article_modified_time":"2021-06-23T13:03:09+00:00","twitter_card":"summary_large_image","twitter_misc":{"Temps estimat de lectura":"1 minut","Written by":"Faus Moliner"},"schema":{"@context":"https:\/\/schema.org","@graph":[{"@type":"WebPage","@id":"https:\/\/faus-moliner.com\/ca\/la-nostra-visio-i-principis-basics\/","url":"https:\/\/faus-moliner.com\/ca\/la-nostra-visio-i-principis-basics\/","name":"La nostra visi\u00f3 i principis b\u00e0sics - Faus Moliner","isPartOf":{"@id":"https:\/\/faus-moliner.com\/en\/#website"},"datePublished":"2021-02-12T18:25:42+00:00","dateModified":"2021-06-23T13:03:09+00:00","breadcrumb":{"@id":"https:\/\/faus-moliner.com\/ca\/la-nostra-visio-i-principis-basics\/#breadcrumb"},"inLanguage":"ca","potentialAction":[{"@type":"ReadAction","target":["https:\/\/faus-moliner.com\/ca\/la-nostra-visio-i-principis-basics\/"]}]},{"@type":"BreadcrumbList","@id":"https:\/\/faus-moliner.com\/ca\/la-nostra-visio-i-principis-basics\/#breadcrumb","itemListElement":[{"@type":"ListItem","position":1,"name":"Portada","item":"https:\/\/faus-moliner.com\/ca\/"},{"@type":"ListItem","position":2,"name":"La nostra visi\u00f3 i principis b\u00e0sics"}]},{"@type":"WebSite","@id":"https:\/\/faus-moliner.com\/en\/#website","url":"https:\/\/faus-moliner.com\/en\/","name":"faus-moliner.com","description":"Otro sitio realizado con WordPress","publisher":{"@id":"https:\/\/faus-moliner.com\/en\/#organization"},"potentialAction":[{"@type":"SearchAction","target":{"@type":"EntryPoint","urlTemplate":"https:\/\/faus-moliner.com\/en\/?s={search_term_string}"},"query-input":{"@type":"PropertyValueSpecification","valueRequired":true,"valueName":"search_term_string"}}],"inLanguage":"ca"},{"@type":"Organization","@id":"https:\/\/faus-moliner.com\/en\/#organization","name":"Faus Moliner","url":"https:\/\/faus-moliner.com\/en\/","logo":{"@type":"ImageObject","inLanguage":"ca","@id":"https:\/\/faus-moliner.com\/en\/#\/schema\/logo\/image\/","url":"https:\/\/faus-moliner.com\/wp-content\/uploads\/2023\/03\/Logo-FM-web.jpg","contentUrl":"https:\/\/faus-moliner.com\/wp-content\/uploads\/2023\/03\/Logo-FM-web.jpg","width":400,"height":283,"caption":"Faus Moliner"},"image":{"@id":"https:\/\/faus-moliner.com\/en\/#\/schema\/logo\/image\/"},"sameAs":["https:\/\/www.linkedin.com\/company\/2372042\/admin\/"]}]}},"_links":{"self":[{"href":"https:\/\/faus-moliner.com\/ca\/wp-json\/wp\/v2\/pages\/25587","targetHints":{"allow":["GET"]}}],"collection":[{"href":"https:\/\/faus-moliner.com\/ca\/wp-json\/wp\/v2\/pages"}],"about":[{"href":"https:\/\/faus-moliner.com\/ca\/wp-json\/wp\/v2\/types\/page"}],"author":[{"embeddable":true,"href":"https:\/\/faus-moliner.com\/ca\/wp-json\/wp\/v2\/users\/1"}],"replies":[{"embeddable":true,"href":"https:\/\/faus-moliner.com\/ca\/wp-json\/wp\/v2\/comments?post=25587"}],"version-history":[{"count":7,"href":"https:\/\/faus-moliner.com\/ca\/wp-json\/wp\/v2\/pages\/25587\/revisions"}],"predecessor-version":[{"id":27105,"href":"https:\/\/faus-moliner.com\/ca\/wp-json\/wp\/v2\/pages\/25587\/revisions\/27105"}],"wp:attachment":[{"href":"https:\/\/faus-moliner.com\/ca\/wp-json\/wp\/v2\/media?parent=25587"}],"wp:term":[{"taxonomy":"author","embeddable":true,"href":"https:\/\/faus-moliner.com\/ca\/wp-json\/wp\/v2\/coauthors?post=25587"}],"curies":[{"name":"wp","href":"https:\/\/api.w.org\/{rel}","templated":true}]}}