{"id":25592,"date":"2021-02-15T10:34:10","date_gmt":"2021-02-15T09:34:10","guid":{"rendered":"https:\/\/faus-moliner.com\/que-hacemos-mientras-tu-no-llamas\/"},"modified":"2025-10-28T16:57:30","modified_gmt":"2025-10-28T15:57:30","slug":"altres-questions","status":"publish","type":"page","link":"https:\/\/faus-moliner.com\/ca\/altres-questions\/","title":{"rendered":"Altres q\u00fcestions"},"content":{"rendered":"\n<div class=\"wp-block-columns is-layout-flex wp-container-core-columns-is-layout-9d6595d7 wp-block-columns-is-layout-flex\">\n<div class=\"wp-block-column is-layout-flow wp-block-column-is-layout-flow\">\n<ul class=\"wp-block-list\">\n<li><a href=\"#my_a1\">Confidencialitat<\/a><\/li>\n\n\n\n<li><a href=\"#my_a2\">Premsa<\/a><\/li>\n\n\n\n<li><a href=\"#my_a3\">Seguretat inform\u00e0tica<\/a><\/li>\n<\/ul>\n<\/div>\n\n\n\n<div class=\"wp-block-column is-layout-flow wp-block-column-is-layout-flow\">\n<ul id=\"block-6be21b88-96b1-4f14-b438-272e606a488b\" class=\"wp-block-list\">\n<li><a href=\"#my_a4\">Les seves dades personals<\/a><\/li>\n\n\n\n<li><a href=\"#my_a5\">Conflictes d\u2019interessos<\/a><\/li>\n<\/ul>\n\n\n\n<p><\/p>\n<\/div>\n<\/div>\n\n\n\n<div style=\"height:20px\" aria-hidden=\"true\" class=\"wp-block-spacer\"><\/div>\n\n\n\n<div class=\"wp-block-columns my_col_icon is-layout-flex wp-container-core-columns-is-layout-9d6595d7 wp-block-columns-is-layout-flex\">\n<div class=\"wp-block-column is-layout-flow wp-block-column-is-layout-flow\" style=\"flex-basis:5%\">\n<figure class=\"wp-block-image size-large\"><img decoding=\"async\" src=\"https:\/\/faus-moliner.com\/wp-content\/uploads\/2021\/06\/Capsulas-sola-verde.gif\" alt=\"\" class=\"wp-image-26720\"\/><\/figure>\n<\/div>\n\n\n\n<div class=\"wp-block-column is-layout-flow wp-block-column-is-layout-flow\" style=\"flex-basis:95%\">\n<h3 class=\"wp-block-heading title3 my_a\" id=\"my_a1\"><strong>Confidencialitat<\/strong><\/h3>\n\n\n\n<p>Entenem que els nostres clients poden comunicar-nos informaci\u00f3 i\/o documentaci\u00f3 confidencial. Ens comprometem a prendre les mesures apropiades per a mantenir la confidencialitat d&#8217;aquesta informaci\u00f3 i\/o documentaci\u00f3, i no usarem aquesta informaci\u00f3 i\/o documentaci\u00f3 per a cap prop\u00f2sit que no sigui en relaci\u00f3 amb la representaci\u00f3 del nostre client.<\/p>\n\n\n\n<p>Despr\u00e9s de la finalitzaci\u00f3 del nostre enc\u00e0rrec, mantindrem confidencial qualsevol documentaci\u00f3 no p\u00fablica que se\u00b4ens hagi proporcionat. <\/p>\n<\/div>\n<\/div>\n\n\n\n<div class=\"wp-block-columns my_col_icon is-layout-flex wp-container-core-columns-is-layout-9d6595d7 wp-block-columns-is-layout-flex\">\n<div class=\"wp-block-column is-layout-flow wp-block-column-is-layout-flow\" style=\"flex-basis:5%\">\n<figure class=\"wp-block-image size-large\"><img decoding=\"async\" src=\"https:\/\/faus-moliner.com\/wp-content\/uploads\/2021\/06\/Capsulas-sola-verde.gif\" alt=\"\" class=\"wp-image-26720\"\/><\/figure>\n<\/div>\n\n\n\n<div class=\"wp-block-column is-layout-flow wp-block-column-is-layout-flow\" style=\"flex-basis:95%\">\n<h3 class=\"wp-block-heading title3 my_a\" id=\"my_a2\"><strong><strong>Premsa<\/strong><\/strong><\/h3>\n\n\n\n<p>A vegades rebem consultes de periodistes i altres mitjans de comunicaci\u00f3 que es posen en contacte amb nosaltres per a obtenir informaci\u00f3 sobre el que est\u00e0 succeint en l&#8217;entorn farmac\u00e8utic espanyol i europeu. Seleccionem cuidadosament amb qui parlem, i mai proporcionem informaci\u00f3 sobre cap client en particular ni sobre cap cas en el qual estem o h\u00e0gim estat treballant.<\/p>\n<\/div>\n<\/div>\n\n\n\n<div class=\"wp-block-columns my_col_icon is-layout-flex wp-container-core-columns-is-layout-9d6595d7 wp-block-columns-is-layout-flex\">\n<div class=\"wp-block-column is-layout-flow wp-block-column-is-layout-flow\" style=\"flex-basis:5%\">\n<figure class=\"wp-block-image size-large\"><img decoding=\"async\" src=\"https:\/\/faus-moliner.com\/wp-content\/uploads\/2021\/06\/Capsulas-sola-verde.gif\" alt=\"\" class=\"wp-image-26720\"\/><\/figure>\n<\/div>\n\n\n\n<div class=\"wp-block-column is-layout-flow wp-block-column-is-layout-flow\" style=\"flex-basis:95%\">\n<h3 class=\"wp-block-heading title3 my_a\" id=\"my_a3\"><strong>Seguretat inform\u00e0tica<\/strong><\/h3>\n\n\n\n<p>Utilitzem prove\u00efdors de serveis de&nbsp;TIC&nbsp;especialitzats i de confian\u00e7a, i hem pres totes les mesures apropiades per a reduir al m\u00ednim el risc de violacions de seguretat,&nbsp;phishing&nbsp;i altres atacs cibern\u00e8tics. Al llarg dels 27 anys, hem reaccionat adequadament a qualsevol intent d&#8217;atac, i no hem tingut cap problema.<\/p>\n<\/div>\n<\/div>\n\n\n\n<div class=\"wp-block-columns my_col_icon is-layout-flex wp-container-core-columns-is-layout-9d6595d7 wp-block-columns-is-layout-flex\">\n<div class=\"wp-block-column is-layout-flow wp-block-column-is-layout-flow\" style=\"flex-basis:5%\">\n<figure class=\"wp-block-image size-large\"><img decoding=\"async\" src=\"https:\/\/faus-moliner.com\/wp-content\/uploads\/2021\/06\/Capsulas-sola-verde.gif\" alt=\"\" class=\"wp-image-26720\"\/><\/figure>\n<\/div>\n\n\n\n<div class=\"wp-block-column is-layout-flow wp-block-column-is-layout-flow\" style=\"flex-basis:95%\">\n<p>Dades personals<\/p>\n\n\n\n<p>Utilitzem les dades que ens proporcionem els nostres clients nom\u00e9s per a mantenir-nos en contacte amb vost\u00e8, compartir el nostre treball i el nostre coneixement. A vegades podem enviar not\u00edcies sobre la nostra firma, sobre algun article que hem escrit o sobre un premi que se&#8217;ns ha atorgat. De manera regular, enviem el nostro butllet\u00ed Capsulas.<\/p>\n\n\n\n<p>No compartim les seves dades personals amb tercers tret que comptem amb el consentiment expr\u00e9s del titular d\u00b4aquestes dades.<\/p>\n<\/div>\n<\/div>\n\n\n\n<div class=\"wp-block-columns my_col_icon is-layout-flex wp-container-core-columns-is-layout-9d6595d7 wp-block-columns-is-layout-flex\">\n<div class=\"wp-block-column is-layout-flow wp-block-column-is-layout-flow\" style=\"flex-basis:5%\">\n<figure class=\"wp-block-image size-large\"><img decoding=\"async\" src=\"https:\/\/faus-moliner.com\/wp-content\/uploads\/2021\/06\/Capsulas-sola-verde.gif\" alt=\"\" class=\"wp-image-26720\"\/><\/figure>\n<\/div>\n\n\n\n<div class=\"wp-block-column is-layout-flow wp-block-column-is-layout-flow\" style=\"flex-basis:95%\">\n<h3 class=\"wp-block-heading title3 my_a\" id=\"my_a5\">Conflictes d&#8217;interessos<\/h3>\n\n\n\n<p>La nostra firma est\u00e0 especialitzada en assessorar empreses que operen en el sector de <em>Life Sciences<\/em>.<\/p>\n\n\n\n<p>Com a tal, representem i podem representar en el futur altres companyies que s\u00f3n competidores directes o indirectes, reals o potencials dels nostres clients.<\/p>\n\n\n\n<p><br>Tamb\u00e9 pot succeir que els nostres clients actuals o futurs tinguin algun conflicte o alguna transacci\u00f3 amb un altre dels nostres clients.<\/p>\n\n\n\n<p><br>Per tot aix\u00f2, necessitem un marge de confian\u00e7a i que els nostres clients acceptin que FM prendr\u00e0, en cada cas, la decisi\u00f3 que consideri oportuna en aquesta mat\u00e8ria. Tot aix\u00f2, per descomptat, est\u00e0 subjecte a un estricte compliment per part nostra de totes les normes aplicables en mat\u00e8ria de conducta professional i, si \u00e9s el cas, de qualsevol acord especial que puguem aconseguir amb algun client en concret.<\/p>\n<\/div>\n<\/div>\n","protected":false},"excerpt":{"rendered":"<p>Confidencialitat Entenem que els nostres clients poden comunicar-nos informaci\u00f3 i\/o documentaci\u00f3 confidencial. Ens comprometem a prendre les mesures apropiades per a mantenir la confidencialitat d&#8217;aquesta informaci\u00f3 i\/o documentaci\u00f3, i no usarem aquesta informaci\u00f3 i\/o documentaci\u00f3 per a cap prop\u00f2sit que no sigui en relaci\u00f3 amb la representaci\u00f3 del nostre client. Despr\u00e9s de la finalitzaci\u00f3 del&#8230; <\/p>\n<div class=\"clear\"><\/div>\n<p><a href=\"https:\/\/faus-moliner.com\/ca\/altres-questions\/\" class=\"excerpt-read-more\">M\u00e9s informaci\u00f3<\/a><\/p>\n","protected":false},"author":1,"featured_media":0,"parent":0,"menu_order":0,"comment_status":"closed","ping_status":"closed","template":"","meta":{"_acf_changed":false,"inline_featured_image":false,"footnotes":""},"coauthors":[106],"class_list":["post-25592","page","type-page","status-publish","hentry"],"acf":[],"yoast_head":"<!-- This site is optimized with the Yoast SEO plugin v26.6 - https:\/\/yoast.com\/wordpress\/plugins\/seo\/ -->\n<title>Altres q\u00fcestions - Faus Moliner<\/title>\n<meta name=\"robots\" content=\"index, follow, max-snippet:-1, max-image-preview:large, max-video-preview:-1\" \/>\n<link rel=\"canonical\" href=\"https:\/\/faus-moliner.com\/ca\/altres-questions\/\" \/>\n<meta property=\"og:locale\" content=\"ca_ES\" \/>\n<meta property=\"og:type\" content=\"article\" \/>\n<meta property=\"og:title\" content=\"Altres q\u00fcestions - Faus Moliner\" \/>\n<meta property=\"og:description\" content=\"Confidencialitat Entenem que els nostres clients poden comunicar-nos informaci\u00f3 i\/o documentaci\u00f3 confidencial. Ens comprometem a prendre les mesures apropiades per a mantenir la confidencialitat d&#8217;aquesta informaci\u00f3 i\/o documentaci\u00f3, i no usarem aquesta informaci\u00f3 i\/o documentaci\u00f3 per a cap prop\u00f2sit que no sigui en relaci\u00f3 amb la representaci\u00f3 del nostre client. Despr\u00e9s de la finalitzaci\u00f3 del... M\u00e9s informaci\u00f3\" \/>\n<meta property=\"og:url\" content=\"https:\/\/faus-moliner.com\/ca\/altres-questions\/\" \/>\n<meta property=\"og:site_name\" content=\"Faus Moliner\" \/>\n<meta property=\"article:modified_time\" content=\"2025-10-28T15:57:30+00:00\" \/>\n<meta name=\"twitter:card\" content=\"summary_large_image\" \/>\n<meta name=\"twitter:label1\" content=\"Temps estimat de lectura\" \/>\n\t<meta name=\"twitter:data1\" content=\"4 minuts\" \/>\n\t<meta name=\"twitter:label2\" content=\"Written by\" \/>\n\t<meta name=\"twitter:data2\" content=\"Faus Moliner\" \/>\n<script type=\"application\/ld+json\" class=\"yoast-schema-graph\">{\"@context\":\"https:\/\/schema.org\",\"@graph\":[{\"@type\":\"WebPage\",\"@id\":\"https:\/\/faus-moliner.com\/ca\/altres-questions\/\",\"url\":\"https:\/\/faus-moliner.com\/ca\/altres-questions\/\",\"name\":\"Altres q\u00fcestions - Faus Moliner\",\"isPartOf\":{\"@id\":\"https:\/\/faus-moliner.com\/en\/#website\"},\"primaryImageOfPage\":{\"@id\":\"https:\/\/faus-moliner.com\/ca\/altres-questions\/#primaryimage\"},\"image\":{\"@id\":\"https:\/\/faus-moliner.com\/ca\/altres-questions\/#primaryimage\"},\"thumbnailUrl\":\"https:\/\/faus-moliner.com\/wp-content\/uploads\/2021\/06\/Capsulas-sola-verde.gif\",\"datePublished\":\"2021-02-15T09:34:10+00:00\",\"dateModified\":\"2025-10-28T15:57:30+00:00\",\"breadcrumb\":{\"@id\":\"https:\/\/faus-moliner.com\/ca\/altres-questions\/#breadcrumb\"},\"inLanguage\":\"ca\",\"potentialAction\":[{\"@type\":\"ReadAction\",\"target\":[\"https:\/\/faus-moliner.com\/ca\/altres-questions\/\"]}]},{\"@type\":\"ImageObject\",\"inLanguage\":\"ca\",\"@id\":\"https:\/\/faus-moliner.com\/ca\/altres-questions\/#primaryimage\",\"url\":\"https:\/\/faus-moliner.com\/wp-content\/uploads\/2021\/06\/Capsulas-sola-verde.gif\",\"contentUrl\":\"https:\/\/faus-moliner.com\/wp-content\/uploads\/2021\/06\/Capsulas-sola-verde.gif\"},{\"@type\":\"BreadcrumbList\",\"@id\":\"https:\/\/faus-moliner.com\/ca\/altres-questions\/#breadcrumb\",\"itemListElement\":[{\"@type\":\"ListItem\",\"position\":1,\"name\":\"Portada\",\"item\":\"https:\/\/faus-moliner.com\/ca\/\"},{\"@type\":\"ListItem\",\"position\":2,\"name\":\"Altres q\u00fcestions\"}]},{\"@type\":\"WebSite\",\"@id\":\"https:\/\/faus-moliner.com\/en\/#website\",\"url\":\"https:\/\/faus-moliner.com\/en\/\",\"name\":\"faus-moliner.com\",\"description\":\"Otro sitio realizado con WordPress\",\"publisher\":{\"@id\":\"https:\/\/faus-moliner.com\/en\/#organization\"},\"potentialAction\":[{\"@type\":\"SearchAction\",\"target\":{\"@type\":\"EntryPoint\",\"urlTemplate\":\"https:\/\/faus-moliner.com\/en\/?s={search_term_string}\"},\"query-input\":{\"@type\":\"PropertyValueSpecification\",\"valueRequired\":true,\"valueName\":\"search_term_string\"}}],\"inLanguage\":\"ca\"},{\"@type\":\"Organization\",\"@id\":\"https:\/\/faus-moliner.com\/en\/#organization\",\"name\":\"Faus Moliner\",\"url\":\"https:\/\/faus-moliner.com\/en\/\",\"logo\":{\"@type\":\"ImageObject\",\"inLanguage\":\"ca\",\"@id\":\"https:\/\/faus-moliner.com\/en\/#\/schema\/logo\/image\/\",\"url\":\"https:\/\/faus-moliner.com\/wp-content\/uploads\/2023\/03\/Logo-FM-web.jpg\",\"contentUrl\":\"https:\/\/faus-moliner.com\/wp-content\/uploads\/2023\/03\/Logo-FM-web.jpg\",\"width\":400,\"height\":283,\"caption\":\"Faus Moliner\"},\"image\":{\"@id\":\"https:\/\/faus-moliner.com\/en\/#\/schema\/logo\/image\/\"},\"sameAs\":[\"https:\/\/www.linkedin.com\/company\/2372042\/admin\/\"]}]}<\/script>\n<!-- \/ Yoast SEO plugin. -->","yoast_head_json":{"title":"Altres q\u00fcestions - Faus Moliner","robots":{"index":"index","follow":"follow","max-snippet":"max-snippet:-1","max-image-preview":"max-image-preview:large","max-video-preview":"max-video-preview:-1"},"canonical":"https:\/\/faus-moliner.com\/ca\/altres-questions\/","og_locale":"ca_ES","og_type":"article","og_title":"Altres q\u00fcestions - Faus Moliner","og_description":"Confidencialitat Entenem que els nostres clients poden comunicar-nos informaci\u00f3 i\/o documentaci\u00f3 confidencial. Ens comprometem a prendre les mesures apropiades per a mantenir la confidencialitat d&#8217;aquesta informaci\u00f3 i\/o documentaci\u00f3, i no usarem aquesta informaci\u00f3 i\/o documentaci\u00f3 per a cap prop\u00f2sit que no sigui en relaci\u00f3 amb la representaci\u00f3 del nostre client. Despr\u00e9s de la finalitzaci\u00f3 del... M\u00e9s informaci\u00f3","og_url":"https:\/\/faus-moliner.com\/ca\/altres-questions\/","og_site_name":"Faus Moliner","article_modified_time":"2025-10-28T15:57:30+00:00","twitter_card":"summary_large_image","twitter_misc":{"Temps estimat de lectura":"4 minuts","Written by":"Faus Moliner"},"schema":{"@context":"https:\/\/schema.org","@graph":[{"@type":"WebPage","@id":"https:\/\/faus-moliner.com\/ca\/altres-questions\/","url":"https:\/\/faus-moliner.com\/ca\/altres-questions\/","name":"Altres q\u00fcestions - Faus Moliner","isPartOf":{"@id":"https:\/\/faus-moliner.com\/en\/#website"},"primaryImageOfPage":{"@id":"https:\/\/faus-moliner.com\/ca\/altres-questions\/#primaryimage"},"image":{"@id":"https:\/\/faus-moliner.com\/ca\/altres-questions\/#primaryimage"},"thumbnailUrl":"https:\/\/faus-moliner.com\/wp-content\/uploads\/2021\/06\/Capsulas-sola-verde.gif","datePublished":"2021-02-15T09:34:10+00:00","dateModified":"2025-10-28T15:57:30+00:00","breadcrumb":{"@id":"https:\/\/faus-moliner.com\/ca\/altres-questions\/#breadcrumb"},"inLanguage":"ca","potentialAction":[{"@type":"ReadAction","target":["https:\/\/faus-moliner.com\/ca\/altres-questions\/"]}]},{"@type":"ImageObject","inLanguage":"ca","@id":"https:\/\/faus-moliner.com\/ca\/altres-questions\/#primaryimage","url":"https:\/\/faus-moliner.com\/wp-content\/uploads\/2021\/06\/Capsulas-sola-verde.gif","contentUrl":"https:\/\/faus-moliner.com\/wp-content\/uploads\/2021\/06\/Capsulas-sola-verde.gif"},{"@type":"BreadcrumbList","@id":"https:\/\/faus-moliner.com\/ca\/altres-questions\/#breadcrumb","itemListElement":[{"@type":"ListItem","position":1,"name":"Portada","item":"https:\/\/faus-moliner.com\/ca\/"},{"@type":"ListItem","position":2,"name":"Altres q\u00fcestions"}]},{"@type":"WebSite","@id":"https:\/\/faus-moliner.com\/en\/#website","url":"https:\/\/faus-moliner.com\/en\/","name":"faus-moliner.com","description":"Otro sitio realizado con WordPress","publisher":{"@id":"https:\/\/faus-moliner.com\/en\/#organization"},"potentialAction":[{"@type":"SearchAction","target":{"@type":"EntryPoint","urlTemplate":"https:\/\/faus-moliner.com\/en\/?s={search_term_string}"},"query-input":{"@type":"PropertyValueSpecification","valueRequired":true,"valueName":"search_term_string"}}],"inLanguage":"ca"},{"@type":"Organization","@id":"https:\/\/faus-moliner.com\/en\/#organization","name":"Faus Moliner","url":"https:\/\/faus-moliner.com\/en\/","logo":{"@type":"ImageObject","inLanguage":"ca","@id":"https:\/\/faus-moliner.com\/en\/#\/schema\/logo\/image\/","url":"https:\/\/faus-moliner.com\/wp-content\/uploads\/2023\/03\/Logo-FM-web.jpg","contentUrl":"https:\/\/faus-moliner.com\/wp-content\/uploads\/2023\/03\/Logo-FM-web.jpg","width":400,"height":283,"caption":"Faus Moliner"},"image":{"@id":"https:\/\/faus-moliner.com\/en\/#\/schema\/logo\/image\/"},"sameAs":["https:\/\/www.linkedin.com\/company\/2372042\/admin\/"]}]}},"_links":{"self":[{"href":"https:\/\/faus-moliner.com\/ca\/wp-json\/wp\/v2\/pages\/25592","targetHints":{"allow":["GET"]}}],"collection":[{"href":"https:\/\/faus-moliner.com\/ca\/wp-json\/wp\/v2\/pages"}],"about":[{"href":"https:\/\/faus-moliner.com\/ca\/wp-json\/wp\/v2\/types\/page"}],"author":[{"embeddable":true,"href":"https:\/\/faus-moliner.com\/ca\/wp-json\/wp\/v2\/users\/1"}],"replies":[{"embeddable":true,"href":"https:\/\/faus-moliner.com\/ca\/wp-json\/wp\/v2\/comments?post=25592"}],"version-history":[{"count":9,"href":"https:\/\/faus-moliner.com\/ca\/wp-json\/wp\/v2\/pages\/25592\/revisions"}],"predecessor-version":[{"id":39449,"href":"https:\/\/faus-moliner.com\/ca\/wp-json\/wp\/v2\/pages\/25592\/revisions\/39449"}],"wp:attachment":[{"href":"https:\/\/faus-moliner.com\/ca\/wp-json\/wp\/v2\/media?parent=25592"}],"wp:term":[{"taxonomy":"author","embeddable":true,"href":"https:\/\/faus-moliner.com\/ca\/wp-json\/wp\/v2\/coauthors?post=25592"}],"curies":[{"name":"wp","href":"https:\/\/api.w.org\/{rel}","templated":true}]}}