{"id":25996,"date":"2021-03-09T10:29:58","date_gmt":"2021-03-09T09:29:58","guid":{"rendered":"https:\/\/faus-moliner.com\/casos-recientes\/"},"modified":"2025-10-28T15:50:54","modified_gmt":"2025-10-28T14:50:54","slug":"casos-recents","status":"publish","type":"page","link":"https:\/\/faus-moliner.com\/ca\/casos-recents\/","title":{"rendered":"Casos recents"},"content":{"rendered":"\n<div class=\"wp-block-columns is-layout-flex wp-container-core-columns-is-layout-9d6595d7 wp-block-columns-is-layout-flex\">\n<div class=\"wp-block-column is-layout-flow wp-block-column-is-layout-flow\">\n<ul class=\"wp-block-list\">\n<li><a href=\"#my_a1\">Desenvolupament de producte i assajos cl\u00ednics<\/a><\/li>\n\n\n\n<li><a href=\"#my_a2\">Regulatori<\/a><\/li>\n\n\n\n<li><a href=\"#my_a3\">Acc\u00e9s al mercat, preu i reemborsament<\/a><\/li>\n\n\n\n<li><a href=\"#my_a4\">Contractes mercantils<\/a><\/li>\n\n\n\n<li><a href=\"#my_a5\">Informaci\u00f3, promoci\u00f3 i publicitat<\/a><\/li>\n\n\n\n<li><a href=\"#my_a6\">Compliance<\/a><\/li>\n<\/ul>\n<\/div>\n\n\n\n<div class=\"wp-block-column is-layout-flow wp-block-column-is-layout-flow\">\n<ul class=\"wp-block-list\">\n<li><a href=\"#my_a7\">Contractaci\u00f3 p\u00fablica<\/a><\/li>\n\n\n\n<li><a href=\"#my_a8\">Compet\u00e8ncia<\/a><\/li>\n\n\n\n<li><a href=\"#my_a9\">Transaccions corporatives<\/a><\/li>\n\n\n\n<li><a href=\"#my_a10\">Govern corporatiu<\/a><\/li>\n\n\n\n<li><a href=\"#my_a11\">Responsabilitat per producte<\/a><\/li>\n\n\n\n<li><a href=\"#my_a12\">Processal i arbitratge<\/a><\/li>\n<\/ul>\n<\/div>\n<\/div>\n\n\n\n<div class=\"wp-block-group my_anchor_blocs\"><div class=\"wp-block-group__inner-container is-layout-flow wp-block-group-is-layout-flow\">\n<div style=\"height:20px\" aria-hidden=\"true\" class=\"wp-block-spacer\"><\/div>\n\n\n\n<div class=\"wp-block-columns my_col_icon is-layout-flex wp-container-core-columns-is-layout-9d6595d7 wp-block-columns-is-layout-flex\">\n<div class=\"wp-block-column is-layout-flow wp-block-column-is-layout-flow\" style=\"flex-basis:5%\">\n<figure class=\"wp-block-image size-large\"><img decoding=\"async\" src=\"https:\/\/faus-moliner.com\/wp-content\/uploads\/2021\/06\/Capsulas-sola-verde.gif\" alt=\"\" class=\"wp-image-26720\"\/><\/figure>\n<\/div>\n\n\n\n<div class=\"wp-block-column is-layout-flow wp-block-column-is-layout-flow\" style=\"flex-basis:95%\">\n<h3 class=\"wp-block-heading title3 my_a\" id=\"my_a1\">Desenvolupament de producte i assajos cl\u00ednics<\/h3>\n\n\n\n<ul class=\"wp-block-list\">\n<li>Negociaci\u00f3 i redacci\u00f3 de contractes per al co-desenvolupament de productes en fases primerenques (incloent casos previs a estudis de fase I).<\/li>\n\n\n\n<li>Assessorament sobre contractes d&#8217;assajos cl\u00ednics celebrats entre empreses estatunidenques o de la UE i centres espanyols.<\/li>\n<\/ul>\n<\/div>\n<\/div>\n\n\n\n<div class=\"wp-block-columns my_col_icon is-layout-flex wp-container-core-columns-is-layout-9d6595d7 wp-block-columns-is-layout-flex\">\n<div class=\"wp-block-column is-layout-flow wp-block-column-is-layout-flow\" style=\"flex-basis:5%\">\n<figure class=\"wp-block-image size-large\"><img decoding=\"async\" src=\"https:\/\/faus-moliner.com\/wp-content\/uploads\/2021\/06\/Capsulas-sola-verde.gif\" alt=\"\" class=\"wp-image-26720\"\/><\/figure>\n<\/div>\n\n\n\n<div class=\"wp-block-column is-layout-flow wp-block-column-is-layout-flow\" style=\"flex-basis:95%\">\n<h3 class=\"wp-block-heading title3 my_a\" id=\"my_a2\">Regulador<\/h3>\n\n\n\n<ul class=\"wp-block-list\">\n<li>Impugnaci\u00f3 d\u00b4autoritzacions de comercialitzaci\u00f3 concedides a productes gen\u00e8rics\/h\u00edbrids en contravenci\u00f3 de la legislaci\u00f3 europea i espanyola sobre protecci\u00f3 de dades regulatoria.<\/li>\n\n\n\n<li>Assessorament sobre les normes i procediments relacionats amb diversos productes a Espanya, incloent medicaments de ter\u00e0pia avan\u00e7ada, per\u00f2 tamb\u00e9 productes sanitaris, complements alimentosos, cosm\u00e8tics i altres productes relacionats amb la salut<\/li>\n<\/ul>\n<\/div>\n<\/div>\n\n\n\n<div class=\"wp-block-columns my_col_icon is-layout-flex wp-container-core-columns-is-layout-9d6595d7 wp-block-columns-is-layout-flex\">\n<div class=\"wp-block-column is-layout-flow wp-block-column-is-layout-flow\" style=\"flex-basis:5%\">\n<figure class=\"wp-block-image size-large\"><img decoding=\"async\" src=\"https:\/\/faus-moliner.com\/wp-content\/uploads\/2021\/06\/Capsulas-sola-verde.gif\" alt=\"\" class=\"wp-image-26720\"\/><\/figure>\n<\/div>\n\n\n\n<div class=\"wp-block-column is-layout-flow wp-block-column-is-layout-flow\" style=\"flex-basis:95%\">\n<h3 class=\"wp-block-heading title3 my_a\" id=\"my_a3\">Acc\u00e9s al mercat, preu i reemborsament<\/h3>\n\n\n\n<ul class=\"wp-block-list\">\n<li>Disseny i implementaci\u00f3 de programes d&#8217;acc\u00e9s primerenc.<\/li>\n\n\n\n<li>Assessorament en negociacions de preu i reemborsament en casos complexos (esquemes de risc compartit, pagaments basats \u200b\u200ben valor, l\u00edmits a la despesa p\u00fablica, etc.).<\/li>\n\n\n\n<li>Recursos administratius i judicials contra decisions que neguen el reemborsament o imposen una reducci\u00f3 de preu.<\/li>\n\n\n\n<li>Impugnaci\u00f3 de decisions relatives a la publicaci\u00f3 d&#8217;informaci\u00f3 confidencial relacionada amb el preu dels medicaments.<\/li>\n\n\n\n<li>Al\u00b7legacions i recursos contra ordres de preus de refer\u00e8ncia.<\/li>\n\n\n\n<li>Assessorament sobre pagaments claw-back<\/li>\n<\/ul>\n<\/div>\n<\/div>\n\n\n\n<div class=\"wp-block-columns my_col_icon is-layout-flex wp-container-core-columns-is-layout-9d6595d7 wp-block-columns-is-layout-flex\">\n<div class=\"wp-block-column is-layout-flow wp-block-column-is-layout-flow\" style=\"flex-basis:5%\">\n<figure class=\"wp-block-image size-large\"><img decoding=\"async\" src=\"https:\/\/faus-moliner.com\/wp-content\/uploads\/2021\/06\/Capsulas-sola-verde.gif\" alt=\"\" class=\"wp-image-26720\"\/><\/figure>\n<\/div>\n\n\n\n<div class=\"wp-block-column is-layout-flow wp-block-column-is-layout-flow\" style=\"flex-basis:95%\">\n<h3 class=\"wp-block-heading title3 my_a\" id=\"my_a4\">Contractes mercantils<\/h3>\n\n\n\n<ul class=\"wp-block-list\">\n<li>Negociaci\u00f3 de contractes de llic\u00e8ncia, co-m\u00e0rqueting i co-promoci\u00f3 per a diversos productes.<\/li>\n\n\n\n<li>Assessorament en relaci\u00f3 amb contractes per a la fabricaci\u00f3 de principis actius i productes farmac\u00e8utics acabats.<\/li>\n<\/ul>\n<\/div>\n<\/div>\n\n\n\n<div class=\"wp-block-columns my_col_icon is-layout-flex wp-container-core-columns-is-layout-9d6595d7 wp-block-columns-is-layout-flex\">\n<div class=\"wp-block-column is-layout-flow wp-block-column-is-layout-flow\" style=\"flex-basis:5%\">\n<figure class=\"wp-block-image size-large\"><img decoding=\"async\" src=\"https:\/\/faus-moliner.com\/wp-content\/uploads\/2021\/06\/Capsulas-sola-verde.gif\" alt=\"\" class=\"wp-image-26720\"\/><\/figure>\n<\/div>\n\n\n\n<div class=\"wp-block-column is-layout-flow wp-block-column-is-layout-flow\" style=\"flex-basis:95%\">\n<h3 class=\"wp-block-heading title3 my_a\" id=\"my_a5\">Informaci\u00f3, promoci\u00f3 i publicitat<\/h3>\n\n\n\n<ul class=\"wp-block-list\">\n<li>Aprovaci\u00f3 legal de materials i activitats informatives i promocionals.<\/li>\n\n\n\n<li>Gesti\u00f3 de litigis en el marc dels procediments del Codi de Bones Pr\u00e0ctiques de la Ind\u00fastria Farmac\u00e8utica a Espanya o en altres f\u00f2rums (casos relacionats amb el contingut de materials promocionals, hospitalitat oferta a professionals sanitaris o altres assumptes similars).<\/li>\n<\/ul>\n<\/div>\n<\/div>\n\n\n\n<div class=\"wp-block-columns my_col_icon is-layout-flex wp-container-core-columns-is-layout-9d6595d7 wp-block-columns-is-layout-flex\">\n<div class=\"wp-block-column is-layout-flow wp-block-column-is-layout-flow\" style=\"flex-basis:5%\">\n<figure class=\"wp-block-image size-large\"><img decoding=\"async\" src=\"https:\/\/faus-moliner.com\/wp-content\/uploads\/2021\/06\/Capsulas-sola-verde.gif\" alt=\"\" class=\"wp-image-26720\"\/><\/figure>\n<\/div>\n\n\n\n<div class=\"wp-block-column is-layout-flow wp-block-column-is-layout-flow\" style=\"flex-basis:95%\">\n<h3 class=\"wp-block-heading title3 my_a\" id=\"my_a6\"><strong>Compliance<\/strong><\/h3>\n\n\n\n<ul class=\"wp-block-list\">\n<li>Definici\u00f3 i implementaci\u00f3 d&#8217;eines de compliance per a diverses empreses, incloent avaluaci\u00f3 de riscos, revisi\u00f3 de SOP&#8217;s interns i participaci\u00f3 en Comit\u00e8s de Compliance.<\/li>\n<\/ul>\n<\/div>\n<\/div>\n\n\n\n<div class=\"wp-block-columns my_col_icon is-layout-flex wp-container-core-columns-is-layout-9d6595d7 wp-block-columns-is-layout-flex\">\n<div class=\"wp-block-column is-layout-flow wp-block-column-is-layout-flow\" style=\"flex-basis:5%\">\n<figure class=\"wp-block-image size-large\"><img decoding=\"async\" src=\"https:\/\/faus-moliner.com\/wp-content\/uploads\/2021\/06\/Capsulas-sola-verde.gif\" alt=\"\" class=\"wp-image-26720\"\/><\/figure>\n<\/div>\n\n\n\n<div class=\"wp-block-column is-layout-flow wp-block-column-is-layout-flow\" style=\"flex-basis:95%\">\n<h3 class=\"wp-block-heading title3 my_a\" id=\"my_a7\"><strong>Contractaci\u00f3 p\u00fablica<\/strong><\/h3>\n\n\n\n<ul class=\"wp-block-list\">\n<li>Recursos administratius i judicials contra plecs i\/o especificacions t\u00e8cniques en procediments de contractaci\u00f3 p\u00fablica; i contra decisions d&#8217;adjudicaci\u00f3.<\/li>\n\n\n\n<li>Disseny d\u00b4operacions de compra p\u00fablica innovadora (&#8220;Beyond the pills&#8221;) mitjan\u00e7ant acords de col\u00b7laboraci\u00f3 o altres instruments.<\/li>\n<\/ul>\n<\/div>\n<\/div>\n\n\n\n<div class=\"wp-block-columns my_col_icon is-layout-flex wp-container-core-columns-is-layout-9d6595d7 wp-block-columns-is-layout-flex\">\n<div class=\"wp-block-column is-layout-flow wp-block-column-is-layout-flow\" style=\"flex-basis:5%\">\n<figure class=\"wp-block-image size-large\"><img decoding=\"async\" src=\"https:\/\/faus-moliner.com\/wp-content\/uploads\/2021\/06\/Capsulas-sola-verde.gif\" alt=\"\" class=\"wp-image-26720\"\/><\/figure>\n<\/div>\n\n\n\n<div class=\"wp-block-column is-layout-flow wp-block-column-is-layout-flow\" style=\"flex-basis:95%\">\n<h3 class=\"wp-block-heading title3 my_a\" id=\"my_a8\">Compet\u00e8ncia<\/h3>\n\n\n\n<ul class=\"wp-block-list\">\n<li>Gesti\u00f3 d\u00b4expedients per ab\u00fas de posici\u00f3 de domini davant la Comissi\u00f3 Nacional dels Mercats i la Compet\u00e8ncia.<\/li>\n\n\n\n<li>Disseny i assessorament en la implementaci\u00f3 de sistemes de distribuci\u00f3 selectiva o restringida.<\/li>\n\n\n\n<li>Assessorament sobre pol\u00edtiques comercials complexes (bundling, descomptes multiproducte i altres acords especials amb hospitals, oficines de farm\u00e0cia o majoristes.<\/li>\n<\/ul>\n<\/div>\n<\/div>\n\n\n\n<div class=\"wp-block-columns my_col_icon is-layout-flex wp-container-core-columns-is-layout-9d6595d7 wp-block-columns-is-layout-flex\">\n<div class=\"wp-block-column is-layout-flow wp-block-column-is-layout-flow\" style=\"flex-basis:5%\">\n<figure class=\"wp-block-image size-large\"><img decoding=\"async\" src=\"https:\/\/faus-moliner.com\/wp-content\/uploads\/2021\/06\/Capsulas-sola-verde.gif\" alt=\"\" class=\"wp-image-26720\"\/><\/figure>\n<\/div>\n\n\n\n<div class=\"wp-block-column is-layout-flow wp-block-column-is-layout-flow\" style=\"flex-basis:95%\">\n<h3 class=\"wp-block-heading title3 my_a\" id=\"my_a9\"><strong>Transaccions Corporatives<\/strong><\/h3>\n\n\n\n<ul class=\"wp-block-list\">\n<li>Assessorament en la implantaci\u00f3 a Espanya de diverses operacions de compravenda d&#8217;actius relacionades amb productes innovadors.<\/li>\n\n\n\n<li>Negociaci\u00f3 i redacci\u00f3 de contractes de joint-venture per al desenvolupament de nous productes i la prestaci\u00f3 de nous serveis de salut.<\/li>\n\n\n\n<li>Realitzaci\u00f3 de processos de due-diligence regulatoria.<\/li>\n\n\n\n<li>Gesti\u00f3 d&#8217;assumptes legals relacionats amb la inversi\u00f3 en companyies start-up en l&#8217;\u00e0mbit de life sciences a Barcelona.<\/li>\n\n\n\n<li>Assessorament en la negociaci\u00f3 d&#8217;SPA&#8217;s i APA&#8217;s d&#8217;una gran planta de fabricaci\u00f3 a Espanya i d&#8217;una cartera de gen\u00e8rics als Estats Units.<\/li>\n<\/ul>\n<\/div>\n<\/div>\n\n\n\n<div class=\"wp-block-columns my_col_icon is-layout-flex wp-container-core-columns-is-layout-9d6595d7 wp-block-columns-is-layout-flex\">\n<div class=\"wp-block-column is-layout-flow wp-block-column-is-layout-flow\" style=\"flex-basis:5%\">\n<figure class=\"wp-block-image size-large\"><img decoding=\"async\" src=\"https:\/\/faus-moliner.com\/wp-content\/uploads\/2021\/06\/Capsulas-sola-verde.gif\" alt=\"\" class=\"wp-image-26720\"\/><\/figure>\n<\/div>\n\n\n\n<div class=\"wp-block-column is-layout-flow wp-block-column-is-layout-flow\" style=\"flex-basis:95%\">\n<h3 class=\"wp-block-heading title3 my_a\" id=\"my_a10\"><strong>Govern corporatiu<\/strong><\/h3>\n\n\n\n<ul class=\"wp-block-list\">\n<li>Secretaria del Consell d&#8217;Administraci\u00f3 per a diverses companyies a Espanya..<\/li>\n<\/ul>\n<\/div>\n<\/div>\n\n\n\n<div class=\"wp-block-columns my_col_icon is-layout-flex wp-container-core-columns-is-layout-9d6595d7 wp-block-columns-is-layout-flex\">\n<div class=\"wp-block-column is-layout-flow wp-block-column-is-layout-flow\" style=\"flex-basis:5%\">\n<figure class=\"wp-block-image size-large\"><img decoding=\"async\" src=\"https:\/\/faus-moliner.com\/wp-content\/uploads\/2021\/06\/Capsulas-sola-verde.gif\" alt=\"\" class=\"wp-image-26720\"\/><\/figure>\n<\/div>\n\n\n\n<div class=\"wp-block-column is-layout-flow wp-block-column-is-layout-flow\" style=\"flex-basis:95%\">\n<h3 class=\"wp-block-heading title3 my_a\" id=\"my_a11\"><strong><strong>Responsabilitat per producte defectu\u00f3s<\/strong><\/strong><\/h3>\n\n\n\n<ul class=\"wp-block-list\">\n<li>Representaci\u00f3 reeixida d&#8217;empreses en diversos casos sobre reclamacions per danys presumptament causats \u200b\u200bper medicaments o productes sanitaris.<\/li>\n<\/ul>\n<\/div>\n<\/div>\n\n\n\n<div class=\"wp-block-columns my_col_icon is-layout-flex wp-container-core-columns-is-layout-9d6595d7 wp-block-columns-is-layout-flex\">\n<div class=\"wp-block-column is-layout-flow wp-block-column-is-layout-flow\" style=\"flex-basis:5%\">\n<figure class=\"wp-block-image size-large\"><img decoding=\"async\" src=\"https:\/\/faus-moliner.com\/wp-content\/uploads\/2021\/06\/Capsulas-sola-verde.gif\" alt=\"\" class=\"wp-image-26720\"\/><\/figure>\n<\/div>\n\n\n\n<div class=\"wp-block-column is-layout-flow wp-block-column-is-layout-flow\" style=\"flex-basis:95%\">\n<h3 class=\"wp-block-heading title3 my_a\" id=\"my_a12\"><strong>Processal i arbitratge<\/strong><\/h3>\n\n\n\n<ul class=\"wp-block-list\">\n<li>Assessorament principal en casos de compet\u00e8ncia deslleial relacionats amb medicaments i  cosm\u00e8tics.<\/li>\n\n\n\n<li>Accions per incompliment de contractes de subministrament o de fabricaci\u00f3, incloent reclamacions per danys i perjudicis.<\/li>\n\n\n\n<li>Disseny i implementaci\u00f3 d&#8217;estrat\u00e8gia de defensa legal per a protegir els drets d&#8217;exclusivitat de mercat estiguessin en joc<\/li>\n<\/ul>\n<\/div>\n<\/div>\n\n\n\n<p><\/p>\n<\/div><\/div>\n","protected":false},"excerpt":{"rendered":"<p>Desenvolupament de producte i assajos cl\u00ednics Regulador Acc\u00e9s al mercat, preu i reemborsament Contractes mercantils Informaci\u00f3, promoci\u00f3 i publicitat Compliance Contractaci\u00f3 p\u00fablica Compet\u00e8ncia Transaccions Corporatives Govern corporatiu Responsabilitat per producte defectu\u00f3s Processal i arbitratge<\/p>\n","protected":false},"author":1,"featured_media":0,"parent":0,"menu_order":0,"comment_status":"closed","ping_status":"closed","template":"","meta":{"_acf_changed":false,"inline_featured_image":false,"footnotes":""},"coauthors":[106],"class_list":["post-25996","page","type-page","status-publish","hentry"],"acf":[],"yoast_head":"<!-- This site is optimized with the Yoast SEO plugin v26.6 - https:\/\/yoast.com\/wordpress\/plugins\/seo\/ -->\n<title>Casos recents - Faus Moliner<\/title>\n<meta name=\"robots\" content=\"index, follow, max-snippet:-1, max-image-preview:large, max-video-preview:-1\" \/>\n<link rel=\"canonical\" href=\"https:\/\/faus-moliner.com\/ca\/casos-recents\/\" \/>\n<meta property=\"og:locale\" content=\"ca_ES\" \/>\n<meta property=\"og:type\" content=\"article\" \/>\n<meta property=\"og:title\" content=\"Casos recents - Faus Moliner\" \/>\n<meta property=\"og:description\" content=\"Desenvolupament de producte i assajos cl\u00ednics Regulador Acc\u00e9s al mercat, preu i reemborsament Contractes mercantils Informaci\u00f3, promoci\u00f3 i publicitat Compliance Contractaci\u00f3 p\u00fablica Compet\u00e8ncia Transaccions Corporatives Govern corporatiu Responsabilitat per producte defectu\u00f3s Processal i arbitratge\" \/>\n<meta property=\"og:url\" content=\"https:\/\/faus-moliner.com\/ca\/casos-recents\/\" \/>\n<meta property=\"og:site_name\" content=\"Faus Moliner\" \/>\n<meta property=\"article:modified_time\" content=\"2025-10-28T14:50:54+00:00\" \/>\n<meta name=\"twitter:card\" content=\"summary_large_image\" \/>\n<meta name=\"twitter:label1\" content=\"Temps estimat de lectura\" \/>\n\t<meta name=\"twitter:data1\" content=\"6 minuts\" \/>\n\t<meta name=\"twitter:label2\" content=\"Written by\" \/>\n\t<meta name=\"twitter:data2\" content=\"Faus Moliner\" \/>\n<script type=\"application\/ld+json\" class=\"yoast-schema-graph\">{\"@context\":\"https:\/\/schema.org\",\"@graph\":[{\"@type\":\"WebPage\",\"@id\":\"https:\/\/faus-moliner.com\/ca\/casos-recents\/\",\"url\":\"https:\/\/faus-moliner.com\/ca\/casos-recents\/\",\"name\":\"Casos recents - Faus Moliner\",\"isPartOf\":{\"@id\":\"https:\/\/faus-moliner.com\/en\/#website\"},\"primaryImageOfPage\":{\"@id\":\"https:\/\/faus-moliner.com\/ca\/casos-recents\/#primaryimage\"},\"image\":{\"@id\":\"https:\/\/faus-moliner.com\/ca\/casos-recents\/#primaryimage\"},\"thumbnailUrl\":\"https:\/\/faus-moliner.com\/wp-content\/uploads\/2021\/06\/Capsulas-sola-verde.gif\",\"datePublished\":\"2021-03-09T09:29:58+00:00\",\"dateModified\":\"2025-10-28T14:50:54+00:00\",\"breadcrumb\":{\"@id\":\"https:\/\/faus-moliner.com\/ca\/casos-recents\/#breadcrumb\"},\"inLanguage\":\"ca\",\"potentialAction\":[{\"@type\":\"ReadAction\",\"target\":[\"https:\/\/faus-moliner.com\/ca\/casos-recents\/\"]}]},{\"@type\":\"ImageObject\",\"inLanguage\":\"ca\",\"@id\":\"https:\/\/faus-moliner.com\/ca\/casos-recents\/#primaryimage\",\"url\":\"https:\/\/faus-moliner.com\/wp-content\/uploads\/2021\/06\/Capsulas-sola-verde.gif\",\"contentUrl\":\"https:\/\/faus-moliner.com\/wp-content\/uploads\/2021\/06\/Capsulas-sola-verde.gif\"},{\"@type\":\"BreadcrumbList\",\"@id\":\"https:\/\/faus-moliner.com\/ca\/casos-recents\/#breadcrumb\",\"itemListElement\":[{\"@type\":\"ListItem\",\"position\":1,\"name\":\"Portada\",\"item\":\"https:\/\/faus-moliner.com\/ca\/\"},{\"@type\":\"ListItem\",\"position\":2,\"name\":\"Casos recents\"}]},{\"@type\":\"WebSite\",\"@id\":\"https:\/\/faus-moliner.com\/en\/#website\",\"url\":\"https:\/\/faus-moliner.com\/en\/\",\"name\":\"faus-moliner.com\",\"description\":\"Otro sitio realizado con WordPress\",\"publisher\":{\"@id\":\"https:\/\/faus-moliner.com\/en\/#organization\"},\"potentialAction\":[{\"@type\":\"SearchAction\",\"target\":{\"@type\":\"EntryPoint\",\"urlTemplate\":\"https:\/\/faus-moliner.com\/en\/?s={search_term_string}\"},\"query-input\":{\"@type\":\"PropertyValueSpecification\",\"valueRequired\":true,\"valueName\":\"search_term_string\"}}],\"inLanguage\":\"ca\"},{\"@type\":\"Organization\",\"@id\":\"https:\/\/faus-moliner.com\/en\/#organization\",\"name\":\"Faus Moliner\",\"url\":\"https:\/\/faus-moliner.com\/en\/\",\"logo\":{\"@type\":\"ImageObject\",\"inLanguage\":\"ca\",\"@id\":\"https:\/\/faus-moliner.com\/en\/#\/schema\/logo\/image\/\",\"url\":\"https:\/\/faus-moliner.com\/wp-content\/uploads\/2023\/03\/Logo-FM-web.jpg\",\"contentUrl\":\"https:\/\/faus-moliner.com\/wp-content\/uploads\/2023\/03\/Logo-FM-web.jpg\",\"width\":400,\"height\":283,\"caption\":\"Faus Moliner\"},\"image\":{\"@id\":\"https:\/\/faus-moliner.com\/en\/#\/schema\/logo\/image\/\"},\"sameAs\":[\"https:\/\/www.linkedin.com\/company\/2372042\/admin\/\"]}]}<\/script>\n<!-- \/ Yoast SEO plugin. -->","yoast_head_json":{"title":"Casos recents - Faus Moliner","robots":{"index":"index","follow":"follow","max-snippet":"max-snippet:-1","max-image-preview":"max-image-preview:large","max-video-preview":"max-video-preview:-1"},"canonical":"https:\/\/faus-moliner.com\/ca\/casos-recents\/","og_locale":"ca_ES","og_type":"article","og_title":"Casos recents - Faus Moliner","og_description":"Desenvolupament de producte i assajos cl\u00ednics Regulador Acc\u00e9s al mercat, preu i reemborsament Contractes mercantils Informaci\u00f3, promoci\u00f3 i publicitat Compliance Contractaci\u00f3 p\u00fablica Compet\u00e8ncia Transaccions Corporatives Govern corporatiu Responsabilitat per producte defectu\u00f3s Processal i arbitratge","og_url":"https:\/\/faus-moliner.com\/ca\/casos-recents\/","og_site_name":"Faus Moliner","article_modified_time":"2025-10-28T14:50:54+00:00","twitter_card":"summary_large_image","twitter_misc":{"Temps estimat de lectura":"6 minuts","Written by":"Faus Moliner"},"schema":{"@context":"https:\/\/schema.org","@graph":[{"@type":"WebPage","@id":"https:\/\/faus-moliner.com\/ca\/casos-recents\/","url":"https:\/\/faus-moliner.com\/ca\/casos-recents\/","name":"Casos recents - Faus Moliner","isPartOf":{"@id":"https:\/\/faus-moliner.com\/en\/#website"},"primaryImageOfPage":{"@id":"https:\/\/faus-moliner.com\/ca\/casos-recents\/#primaryimage"},"image":{"@id":"https:\/\/faus-moliner.com\/ca\/casos-recents\/#primaryimage"},"thumbnailUrl":"https:\/\/faus-moliner.com\/wp-content\/uploads\/2021\/06\/Capsulas-sola-verde.gif","datePublished":"2021-03-09T09:29:58+00:00","dateModified":"2025-10-28T14:50:54+00:00","breadcrumb":{"@id":"https:\/\/faus-moliner.com\/ca\/casos-recents\/#breadcrumb"},"inLanguage":"ca","potentialAction":[{"@type":"ReadAction","target":["https:\/\/faus-moliner.com\/ca\/casos-recents\/"]}]},{"@type":"ImageObject","inLanguage":"ca","@id":"https:\/\/faus-moliner.com\/ca\/casos-recents\/#primaryimage","url":"https:\/\/faus-moliner.com\/wp-content\/uploads\/2021\/06\/Capsulas-sola-verde.gif","contentUrl":"https:\/\/faus-moliner.com\/wp-content\/uploads\/2021\/06\/Capsulas-sola-verde.gif"},{"@type":"BreadcrumbList","@id":"https:\/\/faus-moliner.com\/ca\/casos-recents\/#breadcrumb","itemListElement":[{"@type":"ListItem","position":1,"name":"Portada","item":"https:\/\/faus-moliner.com\/ca\/"},{"@type":"ListItem","position":2,"name":"Casos recents"}]},{"@type":"WebSite","@id":"https:\/\/faus-moliner.com\/en\/#website","url":"https:\/\/faus-moliner.com\/en\/","name":"faus-moliner.com","description":"Otro sitio realizado con WordPress","publisher":{"@id":"https:\/\/faus-moliner.com\/en\/#organization"},"potentialAction":[{"@type":"SearchAction","target":{"@type":"EntryPoint","urlTemplate":"https:\/\/faus-moliner.com\/en\/?s={search_term_string}"},"query-input":{"@type":"PropertyValueSpecification","valueRequired":true,"valueName":"search_term_string"}}],"inLanguage":"ca"},{"@type":"Organization","@id":"https:\/\/faus-moliner.com\/en\/#organization","name":"Faus Moliner","url":"https:\/\/faus-moliner.com\/en\/","logo":{"@type":"ImageObject","inLanguage":"ca","@id":"https:\/\/faus-moliner.com\/en\/#\/schema\/logo\/image\/","url":"https:\/\/faus-moliner.com\/wp-content\/uploads\/2023\/03\/Logo-FM-web.jpg","contentUrl":"https:\/\/faus-moliner.com\/wp-content\/uploads\/2023\/03\/Logo-FM-web.jpg","width":400,"height":283,"caption":"Faus Moliner"},"image":{"@id":"https:\/\/faus-moliner.com\/en\/#\/schema\/logo\/image\/"},"sameAs":["https:\/\/www.linkedin.com\/company\/2372042\/admin\/"]}]}},"_links":{"self":[{"href":"https:\/\/faus-moliner.com\/ca\/wp-json\/wp\/v2\/pages\/25996","targetHints":{"allow":["GET"]}}],"collection":[{"href":"https:\/\/faus-moliner.com\/ca\/wp-json\/wp\/v2\/pages"}],"about":[{"href":"https:\/\/faus-moliner.com\/ca\/wp-json\/wp\/v2\/types\/page"}],"author":[{"embeddable":true,"href":"https:\/\/faus-moliner.com\/ca\/wp-json\/wp\/v2\/users\/1"}],"replies":[{"embeddable":true,"href":"https:\/\/faus-moliner.com\/ca\/wp-json\/wp\/v2\/comments?post=25996"}],"version-history":[{"count":9,"href":"https:\/\/faus-moliner.com\/ca\/wp-json\/wp\/v2\/pages\/25996\/revisions"}],"predecessor-version":[{"id":39444,"href":"https:\/\/faus-moliner.com\/ca\/wp-json\/wp\/v2\/pages\/25996\/revisions\/39444"}],"wp:attachment":[{"href":"https:\/\/faus-moliner.com\/ca\/wp-json\/wp\/v2\/media?parent=25996"}],"wp:term":[{"taxonomy":"author","embeddable":true,"href":"https:\/\/faus-moliner.com\/ca\/wp-json\/wp\/v2\/coauthors?post=25996"}],"curies":[{"name":"wp","href":"https:\/\/api.w.org\/{rel}","templated":true}]}}