{"id":6105,"date":"2015-10-05T10:05:10","date_gmt":"2015-10-05T08:05:10","guid":{"rendered":"https:\/\/faus-moliner.com\/ca\/?page_id=6105"},"modified":"2016-03-07T14:49:53","modified_gmt":"2016-03-07T12:49:53","slug":"politica-de-cookies","status":"publish","type":"page","link":"https:\/\/faus-moliner.com\/ca\/politica-de-cookies\/","title":{"rendered":"Pol\u00edtica de cookies"},"content":{"rendered":"<p><strong>POL\u00cdTICA DE COOKIES<\/strong><\/p>\n<p><strong style=\"line-height: 1.5;\">1. \u00a0 \u00a0 \u00a0 \u00a0Qu\u00e8 \u00e9s una cookie?<\/strong><\/p>\n<p>Una cookie \u00e9s un fitxer que es descarrega en el seu ordinador\/tablet\/smartphone en accedir a determinades p\u00e0gines web i\/o aplicacions. Les cookies permeten, entre altres coses, emmagatzemar i recuperar informaci\u00f3 sobre els h\u00e0bits de navegaci\u00f3 d&#8217;un usuari o del seu equip i, depenent de la informaci\u00f3 que continguin i de la forma en qu\u00e8 utilitzi el seu equip, poden utilitzar-se per recon\u00e8ixer a l&#8217;usuari.<\/p>\n<p><strong style=\"line-height: 1.5;\">2. \u00a0 \u00a0 \u00a0 <strong>Quins tipus de cookies utilitza la p\u00e0gina <\/strong> web de Faus &amp; Moliner?<\/strong><\/p>\n<p>1. a) En funci\u00f3 de l&#8217;entitat que les gestiona:<\/p>\n<p>Cookies de sessi\u00f3: S\u00f3n un tipus de *cookies dissenyades per recaptar i emmagatzemar dades mentre l&#8217;usuari accedeix a la nostra p\u00e0gina web.<\/p>\n<p>Cookies persistents: S\u00f3n un tipus de cookies en el qual les dades segueixen emmagatzemats en el terminal i poden ser accedits i tractats durant un per\u00edode definit pel responsable de la cookie, i que pot anar d&#8217;uns minuts a diversos anys.<\/p>\n<p>1. b) En funci\u00f3 del termini que romanen activades:<\/p>\n<p>Cookies de sesi\u00f3n: Son un tipo de cookies dise\u00f1adas para recabar y almacenar datos mientras el usuario accede a nuestra p\u00e1gina web.<\/p>\n<p>Cookies persistentes: Son un tipo de cookies en el que los datos siguen almacenados en el terminal y pueden ser accedidos y tratados durante un periodo definido por el responsable de la cookie, y que puede ir de unos minutos a varios a\u00f1os.<\/p>\n<p>1. c) Segons la finalitat per la qual es tractin:<\/p>\n<p>Cookies d&#8217;an\u00e0lisi: S\u00f3n aquelles que ben tractades per nosaltres o per tercers, ens permeten quantificar el nombre d&#8217;usuaris i aix\u00ed realitzar el mesurament i an\u00e0lisi estad\u00edstica de la utilitzaci\u00f3 que fan els usuaris del servei ofert. Per a aix\u00f2 s&#8217;analitza la seva navegaci\u00f3 a la nostra p\u00e0gina web o aplicaci\u00f3 amb la finalitat de millorar l&#8217;oferta de productes o serveis que li oferim.<\/p>\n<p>Cookies t\u00e8cniques: S\u00f3n aquelles que ben tractades per nosaltres o per tercers, permeten a l&#8217;usuari la navegaci\u00f3 a trav\u00e9s la nostra p\u00e0gina web i la utilitzaci\u00f3 de les diferents opcions o serveis de les mateixes, com a complements (plug-in) per intercanviar continguts socials, autenticaci\u00f3 o identificaci\u00f3 d&#8217;usuari o sessions de reproductor multim\u00e8dia.<\/p>\n<p>Cookies de personalitzaci\u00f3: S\u00f3n aquelles que ben tractades per nosaltres o per tercers, permeten a l&#8217;usuari accedir al servei amb algunes caracter\u00edstiques de car\u00e0cter general predefinides en funci\u00f3 d&#8217;una s\u00e8rie de criteris en el terminal de l&#8217;usuari, com l&#8217;idioma preestablert que es mostra la p\u00e0gina web.<\/p>\n<p><strong style=\"line-height: 1.5;\">3. \u00a0 \u00a0 \u00a0 \u00a0Desactivaci\u00f3 o eliminaci\u00f3 de cookies<\/strong><\/p>\n<p>Pot vost\u00e8 permetre, bloquejar o eliminar les cookies instal\u00b7lades en el seu equip mitjan\u00e7ant la configuraci\u00f3 de les opcions del navegador instal\u00b7lat en el seu ordinador\/tablet\/smartphone.<\/p>\n<p>Per a m\u00e9s informaci\u00f3 sobre Internet Explorer premi <a href=\"http:\/\/windows.microsoft.com\/en-US\/windows-vista\/block-or-allow-cookies\" target=\"_blank\">aqu\u00ed<\/a>.<\/p>\n<p>Per a m\u00e9s informaci\u00f3 sobre Google Chrome premi\u00a0<a href=\"https:\/\/support.google.com\/accounts\/answer\/61416?hl=en\" target=\"_blank\">aqu\u00ed<\/a>.<\/p>\n<p>Per a m\u00e9s informaci\u00f3 sobre Firefox premi\u00a0<a href=\"http:\/\/support.mozilla.org\/en-US\/kb\/disable-third-party-cookies\" target=\"_blank\">aqu\u00ed<\/a>.<\/p>\n<p>Per a m\u00e9s informaci\u00f3 sobre Safari premi <a href=\"http:\/\/support.apple.com\/kb\/ph5042\" target=\"_blank\">aqu\u00ed<\/a>.<\/p>\n<p>Per a m\u00e9s informaci\u00f3 sobre Opera premi <a href=\"http:\/\/www.opera.com\/help\/tutorials\/security\/privacy\/\" target=\"_blank\">aqu\u00ed<\/a>.<\/p>\n<p><strong style=\"line-height: 1.5;\">4. \u00a0 \u00a0 \u00a0 \u00a0Utilitzaci\u00f3 de les cookies<\/strong><\/p>\n<p>En aquest lloc web tamb\u00e9 utilitzem cookies de tercers per analitzar informaci\u00f3 de la navegaci\u00f3, permetre compartir continguts en xarxes socials i la reproducci\u00f3 de videos allotjats en un altre lloc web. Als seg\u00fcents enlla\u00e7os pot consultar la pol\u00edtica de cookies de cadascuna d&#8217;aquestes entitats:<\/p>\n<ul>\n<li>Google Analytics, consultar els seg\u00fcents enlla\u00e7os:<\/li>\n<\/ul>\n<ul>\n<li><a href=\"https:\/\/developers.google.com\/analytics\/devguides\/collection\/analyticsjs\/cookie-usage\" target=\"_blank\">https:\/\/developers.google.com\/analytics\/devguides\/collection\/analyticsjs\/cookie-usage<\/a><\/li>\n<li><a href=\"https:\/\/www.google.com\/analytics\/learn\/privacy.html%20\" target=\"_blank\">https:\/\/www.google.com\/analytics\/learn\/privacy.html<\/a><\/li>\n<li><a href=\"http:\/\/www.google.com\/intl\/en-US\/policies\/technologies\/cookies\/\" target=\"_blank\">http:\/\/www.google.com\/intl\/en-US\/policies\/technologies\/cookies\/<\/a><\/li>\n<\/ul>\n<ul>\n<li>Twitter, consultar el seg\u00fcent enlla\u00e7: <a href=\"https:\/\/support.twitter.com\/articles\/20170521\" target=\"_blank\">https:\/\/support.twitter.com\/articles\/20170521#<\/a><\/li>\n<li>Linkedin, consultar el seg\u00fcent enlla\u00e7: <a href=\"https:\/\/www.linkedin.com\/legal\/cookie-policy?trk=uno-reg-guest-home-cookie-policy\" target=\"_blank\">https:\/\/www.linkedin.com\/legal\/cookie-policy?trk=uno-reg-guest-home-cookie-policy<\/a><\/li>\n<li>Facebook, consultar el seg\u00fcent enlla\u00e7: <a href=\"https:\/\/es-es.facebook.com\/help\/cookies\/?ref=sitefooter\" target=\"_blank\">https:\/\/es-es.facebook.com\/help\/cookies\/?ref=sitefooter<\/a><\/li>\n<\/ul>\n<p><strong>5. \u00a0 \u00a0 \u00a0 \u00a0Consentiment<\/strong><\/p>\n<p>En navegar pel nostre lloc web, Un. accepta la instal\u00b7laci\u00f3 i utilitzaci\u00f3 de les cookies.<\/p>\n<p>Un. pot retirar el seu consentiment pr\u00e8viament atorgat a qualsevol moment eliminant les *cookies instal\u00b7lades en el seu equip mitjan\u00e7ant la configuraci\u00f3 de les opcions del navegador, tal com s&#8217;indica en l&#8217;apartat \u201cdesactivaci\u00f3 o eliminaci\u00f3 de *cookies\u201d. No obstant aix\u00f2, li informem que aix\u00f2 pot impactar en les funcionalitats de la web o aplicaci\u00f3, fent la seva experi\u00e8ncia com a usuari menys satisfact\u00f2ria.<\/p>\n<p>&nbsp;<\/p>\n","protected":false},"excerpt":{"rendered":"<p>POL\u00cdTICA DE COOKIES 1. \u00a0 \u00a0 \u00a0 \u00a0Qu\u00e8 \u00e9s una cookie? Una cookie \u00e9s un fitxer que es descarrega en el seu ordinador\/tablet\/smartphone en accedir a determinades p\u00e0gines web i\/o aplicacions. Les cookies permeten, entre altres coses, emmagatzemar i recuperar informaci\u00f3 sobre els h\u00e0bits de navegaci\u00f3 d&#8217;un usuari o del seu equip i, depenent de&#8230; <\/p>\n<div class=\"clear\"><\/div>\n<p><a href=\"https:\/\/faus-moliner.com\/ca\/politica-de-cookies\/\" class=\"excerpt-read-more\">M\u00e9s informaci\u00f3<\/a><\/p>\n","protected":false},"author":1,"featured_media":0,"parent":0,"menu_order":0,"comment_status":"closed","ping_status":"closed","template":"","meta":{"_acf_changed":false,"inline_featured_image":false,"footnotes":""},"coauthors":[484],"class_list":["post-6105","page","type-page","status-publish","hentry"],"acf":[],"yoast_head":"<!-- This site is optimized with the Yoast SEO plugin v26.6 - https:\/\/yoast.com\/wordpress\/plugins\/seo\/ -->\n<title>Pol\u00edtica de cookies - Faus Moliner<\/title>\n<meta name=\"robots\" content=\"index, follow, max-snippet:-1, max-image-preview:large, max-video-preview:-1\" \/>\n<link rel=\"canonical\" href=\"https:\/\/faus-moliner.com\/ca\/politica-de-cookies\/\" \/>\n<meta property=\"og:locale\" content=\"ca_ES\" \/>\n<meta property=\"og:type\" content=\"article\" \/>\n<meta property=\"og:title\" content=\"Pol\u00edtica de cookies - Faus Moliner\" \/>\n<meta property=\"og:description\" content=\"POL\u00cdTICA DE COOKIES 1. \u00a0 \u00a0 \u00a0 \u00a0Qu\u00e8 \u00e9s una cookie? Una cookie \u00e9s un fitxer que es descarrega en el seu ordinador\/tablet\/smartphone en accedir a determinades p\u00e0gines web i\/o aplicacions. Les cookies permeten, entre altres coses, emmagatzemar i recuperar informaci\u00f3 sobre els h\u00e0bits de navegaci\u00f3 d&#8217;un usuari o del seu equip i, depenent de... M\u00e9s informaci\u00f3\" \/>\n<meta property=\"og:url\" content=\"https:\/\/faus-moliner.com\/ca\/politica-de-cookies\/\" \/>\n<meta property=\"og:site_name\" content=\"Faus Moliner\" \/>\n<meta property=\"article:modified_time\" content=\"2016-03-07T12:49:53+00:00\" \/>\n<meta name=\"twitter:card\" content=\"summary_large_image\" \/>\n<meta name=\"twitter:label1\" content=\"Temps estimat de lectura\" \/>\n\t<meta name=\"twitter:data1\" content=\"4 minuts\" \/>\n<script type=\"application\/ld+json\" class=\"yoast-schema-graph\">{\"@context\":\"https:\/\/schema.org\",\"@graph\":[{\"@type\":\"WebPage\",\"@id\":\"https:\/\/faus-moliner.com\/ca\/politica-de-cookies\/\",\"url\":\"https:\/\/faus-moliner.com\/ca\/politica-de-cookies\/\",\"name\":\"Pol\u00edtica de cookies - Faus Moliner\",\"isPartOf\":{\"@id\":\"https:\/\/faus-moliner.com\/en\/#website\"},\"datePublished\":\"2015-10-05T08:05:10+00:00\",\"dateModified\":\"2016-03-07T12:49:53+00:00\",\"breadcrumb\":{\"@id\":\"https:\/\/faus-moliner.com\/ca\/politica-de-cookies\/#breadcrumb\"},\"inLanguage\":\"ca\",\"potentialAction\":[{\"@type\":\"ReadAction\",\"target\":[\"https:\/\/faus-moliner.com\/ca\/politica-de-cookies\/\"]}]},{\"@type\":\"BreadcrumbList\",\"@id\":\"https:\/\/faus-moliner.com\/ca\/politica-de-cookies\/#breadcrumb\",\"itemListElement\":[{\"@type\":\"ListItem\",\"position\":1,\"name\":\"Portada\",\"item\":\"https:\/\/faus-moliner.com\/ca\/\"},{\"@type\":\"ListItem\",\"position\":2,\"name\":\"Pol\u00edtica de cookies\"}]},{\"@type\":\"WebSite\",\"@id\":\"https:\/\/faus-moliner.com\/en\/#website\",\"url\":\"https:\/\/faus-moliner.com\/en\/\",\"name\":\"faus-moliner.com\",\"description\":\"Otro sitio realizado con WordPress\",\"publisher\":{\"@id\":\"https:\/\/faus-moliner.com\/en\/#organization\"},\"potentialAction\":[{\"@type\":\"SearchAction\",\"target\":{\"@type\":\"EntryPoint\",\"urlTemplate\":\"https:\/\/faus-moliner.com\/en\/?s={search_term_string}\"},\"query-input\":{\"@type\":\"PropertyValueSpecification\",\"valueRequired\":true,\"valueName\":\"search_term_string\"}}],\"inLanguage\":\"ca\"},{\"@type\":\"Organization\",\"@id\":\"https:\/\/faus-moliner.com\/en\/#organization\",\"name\":\"Faus Moliner\",\"url\":\"https:\/\/faus-moliner.com\/en\/\",\"logo\":{\"@type\":\"ImageObject\",\"inLanguage\":\"ca\",\"@id\":\"https:\/\/faus-moliner.com\/en\/#\/schema\/logo\/image\/\",\"url\":\"https:\/\/faus-moliner.com\/wp-content\/uploads\/2023\/03\/Logo-FM-web.jpg\",\"contentUrl\":\"https:\/\/faus-moliner.com\/wp-content\/uploads\/2023\/03\/Logo-FM-web.jpg\",\"width\":400,\"height\":283,\"caption\":\"Faus Moliner\"},\"image\":{\"@id\":\"https:\/\/faus-moliner.com\/en\/#\/schema\/logo\/image\/\"},\"sameAs\":[\"https:\/\/www.linkedin.com\/company\/2372042\/admin\/\"]}]}<\/script>\n<!-- \/ Yoast SEO plugin. -->","yoast_head_json":{"title":"Pol\u00edtica de cookies - Faus Moliner","robots":{"index":"index","follow":"follow","max-snippet":"max-snippet:-1","max-image-preview":"max-image-preview:large","max-video-preview":"max-video-preview:-1"},"canonical":"https:\/\/faus-moliner.com\/ca\/politica-de-cookies\/","og_locale":"ca_ES","og_type":"article","og_title":"Pol\u00edtica de cookies - Faus Moliner","og_description":"POL\u00cdTICA DE COOKIES 1. \u00a0 \u00a0 \u00a0 \u00a0Qu\u00e8 \u00e9s una cookie? Una cookie \u00e9s un fitxer que es descarrega en el seu ordinador\/tablet\/smartphone en accedir a determinades p\u00e0gines web i\/o aplicacions. Les cookies permeten, entre altres coses, emmagatzemar i recuperar informaci\u00f3 sobre els h\u00e0bits de navegaci\u00f3 d&#8217;un usuari o del seu equip i, depenent de... M\u00e9s informaci\u00f3","og_url":"https:\/\/faus-moliner.com\/ca\/politica-de-cookies\/","og_site_name":"Faus Moliner","article_modified_time":"2016-03-07T12:49:53+00:00","twitter_card":"summary_large_image","twitter_misc":{"Temps estimat de lectura":"4 minuts"},"schema":{"@context":"https:\/\/schema.org","@graph":[{"@type":"WebPage","@id":"https:\/\/faus-moliner.com\/ca\/politica-de-cookies\/","url":"https:\/\/faus-moliner.com\/ca\/politica-de-cookies\/","name":"Pol\u00edtica de cookies - Faus Moliner","isPartOf":{"@id":"https:\/\/faus-moliner.com\/en\/#website"},"datePublished":"2015-10-05T08:05:10+00:00","dateModified":"2016-03-07T12:49:53+00:00","breadcrumb":{"@id":"https:\/\/faus-moliner.com\/ca\/politica-de-cookies\/#breadcrumb"},"inLanguage":"ca","potentialAction":[{"@type":"ReadAction","target":["https:\/\/faus-moliner.com\/ca\/politica-de-cookies\/"]}]},{"@type":"BreadcrumbList","@id":"https:\/\/faus-moliner.com\/ca\/politica-de-cookies\/#breadcrumb","itemListElement":[{"@type":"ListItem","position":1,"name":"Portada","item":"https:\/\/faus-moliner.com\/ca\/"},{"@type":"ListItem","position":2,"name":"Pol\u00edtica de cookies"}]},{"@type":"WebSite","@id":"https:\/\/faus-moliner.com\/en\/#website","url":"https:\/\/faus-moliner.com\/en\/","name":"faus-moliner.com","description":"Otro sitio realizado con WordPress","publisher":{"@id":"https:\/\/faus-moliner.com\/en\/#organization"},"potentialAction":[{"@type":"SearchAction","target":{"@type":"EntryPoint","urlTemplate":"https:\/\/faus-moliner.com\/en\/?s={search_term_string}"},"query-input":{"@type":"PropertyValueSpecification","valueRequired":true,"valueName":"search_term_string"}}],"inLanguage":"ca"},{"@type":"Organization","@id":"https:\/\/faus-moliner.com\/en\/#organization","name":"Faus Moliner","url":"https:\/\/faus-moliner.com\/en\/","logo":{"@type":"ImageObject","inLanguage":"ca","@id":"https:\/\/faus-moliner.com\/en\/#\/schema\/logo\/image\/","url":"https:\/\/faus-moliner.com\/wp-content\/uploads\/2023\/03\/Logo-FM-web.jpg","contentUrl":"https:\/\/faus-moliner.com\/wp-content\/uploads\/2023\/03\/Logo-FM-web.jpg","width":400,"height":283,"caption":"Faus Moliner"},"image":{"@id":"https:\/\/faus-moliner.com\/en\/#\/schema\/logo\/image\/"},"sameAs":["https:\/\/www.linkedin.com\/company\/2372042\/admin\/"]}]}},"_links":{"self":[{"href":"https:\/\/faus-moliner.com\/ca\/wp-json\/wp\/v2\/pages\/6105","targetHints":{"allow":["GET"]}}],"collection":[{"href":"https:\/\/faus-moliner.com\/ca\/wp-json\/wp\/v2\/pages"}],"about":[{"href":"https:\/\/faus-moliner.com\/ca\/wp-json\/wp\/v2\/types\/page"}],"author":[{"embeddable":true,"href":"https:\/\/faus-moliner.com\/ca\/wp-json\/wp\/v2\/users\/1"}],"replies":[{"embeddable":true,"href":"https:\/\/faus-moliner.com\/ca\/wp-json\/wp\/v2\/comments?post=6105"}],"version-history":[{"count":0,"href":"https:\/\/faus-moliner.com\/ca\/wp-json\/wp\/v2\/pages\/6105\/revisions"}],"wp:attachment":[{"href":"https:\/\/faus-moliner.com\/ca\/wp-json\/wp\/v2\/media?parent=6105"}],"wp:term":[{"taxonomy":"author","embeddable":true,"href":"https:\/\/faus-moliner.com\/ca\/wp-json\/wp\/v2\/coauthors?post=6105"}],"curies":[{"name":"wp","href":"https:\/\/api.w.org\/{rel}","templated":true}]}}