{"id":6115,"date":"2015-10-05T10:18:56","date_gmt":"2015-10-05T08:18:56","guid":{"rendered":"https:\/\/faus-moliner.com\/ca\/?page_id=6115"},"modified":"2018-05-10T12:58:11","modified_gmt":"2018-05-10T11:58:11","slug":"avis-legal","status":"publish","type":"page","link":"https:\/\/faus-moliner.com\/ca\/avis-legal\/","title":{"rendered":"Av\u00eds legal"},"content":{"rendered":"<p><strong>AV\u00cdS LEGAL I POL\u00cdTICA DE PRIVADESA del lloc WEB DE\u00a0<\/strong><strong>FAUS &amp; MOLINER ABOGADOS, S.L.P.<\/strong><\/p>\n<p>Les presents disposicions regulen l&#8217;\u00fas del servei del portal d&#8217;Internet <a href=\"https:\/\/faus-moliner.com\/\">https:\/\/faus-moliner.com\/<\/a> que Faus &amp; Moliner Advocats, S.L.P. (\u201cFaus &amp; Moliner\u201d) posa a la disposici\u00f3 dels usuaris d&#8217;Internet (la \u201cWeb F&amp;M\u201d).<\/p>\n<p><strong style=\"line-height: 1.5;\">1.<strong> \u00a0 \u00a0 \u00a0 \u00a0<\/strong>INFORMACI\u00d3 LEGAL<\/strong><\/p>\n<p>Faus &amp; Moliner t\u00e9 el seu domicili social en Rambla Catalunya, 135, 3\u00ba 2\u00aa, 08008 Barcelona, Espanya i C.I.F. nombre B 64.096.530. Tel\u00e8fon: 93.292.21.00. Consta inscrita en el Registre Mercantil de Barcelona, Tom 38392, Foli 131, Fulla B324701.<\/p>\n<p><strong style=\"line-height: 1.5;\">2.<strong>\u00a0 \u00a0 \u00a0 \u00a0\u00a0<\/strong><\/strong><strong>ACC\u00c9S I \u00daS<\/strong><\/p>\n<p>L&#8217;acc\u00e9s a la Web F&amp;M \u00e9s gratu\u00eft, excepte el cost de la connexi\u00f3 a trav\u00e9s de la xarxa de telecomunicacions subministrada pel prove\u00efdor d&#8217;acc\u00e9s contractat pels usuaris.<\/p>\n<p>L&#8217;\u00fas de la Web F&amp;M atribueix la condici\u00f3 d&#8217;usuari de la Web F&amp;M (el \u201cUsuari\u201d) i implica l&#8217;acceptaci\u00f3, sense reserva alguna, del present document. La prestaci\u00f3 del servei de la Web F&amp;M t\u00e9 una durada limitada al moment en el qual l&#8217;Usuari es trobi connectat a la Web F&amp;M o a algun dels serveis que a trav\u00e9s de la mateixa es faciliten. Per tant, l&#8217;Usuari ha de llegir atentament el present document en cada ocasi\u00f3 en qu\u00e8 es proposi utilitzar la Web F&amp;M, ja que aquesta i els seus termes i condicions d&#8217;\u00fas recollits en el present document poden sofrir modificacions. Els serveis jur\u00eddics prestats per Faus &amp; Moliner tenen el preu acordat en cada cas amb els seus clients i de cap manera s&#8217;ofereixen o presten a trav\u00e9s de la Web F&amp;M.<\/p>\n<p><strong style=\"line-height: 1.5;\">3. \u00a0 \u00a0 \u00a0 \u00a0<strong>PROPIETAT INTEL\u00b7LECTUAL I INDUSTRIAL<\/strong><\/strong><\/p>\n<p>Tots els continguts de la Web F&amp;M (els \u201cContinguts\u201d) s\u00f3n propietat de Faus &amp; Moliner o de tercers, sense que puguin entendre&#8217;s cedits a l&#8217;Usuari cap dels drets d&#8217;explotaci\u00f3 reconeguts per la vigent normativa sobre propietat intel\u00b7lectual sobre els Continguts, excepte aquells que resultin estrictament necessaris per a l&#8217;\u00fas de la Web F&amp;M o siguin consentits per escrit per Faus &amp; Moliner o per qui si escau ostenti la titularitat dels drets d&#8217;explotaci\u00f3. S&#8217;ent\u00e9n per \u201cContinguts\u201d, entre uns altres, a t\u00edtol merament enunciatiu i no limitatiu, els seg\u00fcents: textos, fotografies, gr\u00e0fics, imatges, icones, tecnologia, programari, links i altres continguts audiovisuals o sonors, aix\u00ed com el seu disseny gr\u00e0fic i codis font.<\/p>\n<p>Totes les marques, noms comercials o signes distintius que apareixen en la Web F&amp;M s\u00f3n propietat de Faus &amp; Moliner o de tercers, sense que pugui entendre&#8217;s que l&#8217;acc\u00e9s a la Web F&amp;M atribueixi cap dret sobre les citades marques, noms comercials i\/o signes distintius.<\/p>\n<p><strong style=\"line-height: 1.5;\">4. \u00a0 \u00a0 \u00a0 \u00a0<strong>ENLLA\u00c7OS<\/strong><\/strong><\/p>\n<p>Els enlla\u00e7os o links continguts en la Web F&amp;M poden conduir a l&#8217;Usuari a altres llocs web gestionats per tercers (\u201cLlocs Enlla\u00e7ats\u201d), sobre els quals Faus &amp; Moliner no exerceix cap tipus de control. En aquests casos, Faus &amp; Moliner actua com a prestador de serveis d&#8217;intermediaci\u00f3 de conformitat amb l&#8217;article 17 de la Llei 34\/2002, de 12 de juliol, de Serveis de la Societat de la Informaci\u00f3 i el Comer\u00e7 Electr\u00f2nic (\u201cLSSI\u201d) i nom\u00e9s ser\u00e0 responsable dels continguts i serveis subministrats en els Llocs Enlla\u00e7ats en la mesura en qu\u00e8 tingui coneixement expr\u00e9s de la il\u00b7licitud i no hagi desactivat l&#8217;enlla\u00e7 amb la dilig\u00e8ncia deguda. En el cas que l&#8217;Usuari consideri que existeix un Lloc Enlla\u00e7at amb continguts il\u00b7l\u00edcits o inadequats podr\u00e0 comunicar-li-ho a Faus &amp; Moliner, sense que en cap cas aquesta comunicaci\u00f3 comporti l&#8217;obligaci\u00f3 de Faus &amp; Moliner de retirar el corresponent enlla\u00e7. En tot cas, l&#8217;exist\u00e8ncia de Llocs Enlla\u00e7ats en la Web F&amp;M no pressuposa l&#8217;exist\u00e8ncia d&#8217;acords amb els titulars dels mateixos, ni la recomanaci\u00f3, promoci\u00f3 o identificaci\u00f3 de Faus &amp; Moliner amb els continguts dels Llocs Enlla\u00e7ats. Faus &amp; Moliner no coneix els continguts dels Llocs Enlla\u00e7ats i, per tant, no es fa responsable per qualssevol danys produ\u00efts que guardin relaci\u00f3 amb els Llocs Enlla\u00e7ats.<\/p>\n<p>Els enlla\u00e7os o links en altres llocs web amb destinaci\u00f3 a la Web F&amp;M nom\u00e9s poden dirigir a la p\u00e0gina principal o \u201chome\u201d de la Web F&amp;M. En cap cas el lloc web que realitza l&#8217;enlla\u00e7 podr\u00e0 reproduir la Web F&amp;M, incloure-la com a part del seu Web o dins d&#8217;un dels seus \u201cframes\u201d o crear un \u201cbrowser\u201d sobre qualsevol de les p\u00e0gines de la Web F&amp;M, ni es podr\u00e0 declarar de cap manera que Faus &amp; Moliner ha autoritzat tal enlla\u00e7, excepte autoritzaci\u00f3 escrita de Faus &amp; Moliner. Si l&#8217;entitat que realitza l&#8217;enlla\u00e7 des de la seva p\u00e0gina Web a la Web F&amp;M desitg\u00e9s incloure a la seva p\u00e0gina Web la denominaci\u00f3 o qualsevol altre element identificatiu de Faus &amp; Moliner, haur\u00e0 d&#8217;explicar pr\u00e8viament amb la seva autoritzaci\u00f3 escrita. Faus &amp; Moliner no autoritza l&#8217;establiment d&#8217;un enlla\u00e7 a la Web F&amp;M des d&#8217;aquells llocs web que continguin materials, informaci\u00f3 o continguts il\u00b7l\u00edcits, il\u00b7legals, degradants, obscens, i en general, que contravinguin els usos generalment acceptats. Faus &amp; Moliner no t\u00e9 facultat ni mitjans humans i t\u00e8cnics per con\u00e8ixer, controlar ni aprovar tota la informaci\u00f3, continguts, productes o serveis facilitats per altres llocs web que tinguin establerts enlla\u00e7os amb destinaci\u00f3 a la Web F&amp;M, per la qual cosa Faus &amp; Moliner no assumeix cap tipus de responsabilitat per qualsevol aspecte o contingut, sense limitaci\u00f3, relatiu a la Web F&amp;M que estableix aquest enlla\u00e7 amb destinaci\u00f3 a la Web F&amp;M.<\/p>\n<p><strong style=\"line-height: 1.5;\">5. \u00a0 \u00a0 \u00a0 \u00a0RESPONSABILITAT<\/strong><\/p>\n<p>L&#8217;Usuari es compromet a utilitzar la Web F&amp;M i els Continguts de conformitat amb la llei i amb els presents termes i condicions, i s&#8217;abst\u00e9 d&#8217;utilitzar-los amb finalitats il\u00b7l\u00edcites o contraris a l&#8217;establert en els mateixos. L&#8217;Usuari respondr\u00e0 enfront de Faus &amp; Moliner de qualssevol danys i perjudicis que poguessin causar-se com a conseq\u00fc\u00e8ncia de l&#8217;incompliment d&#8217;aquestes obligacions.<\/p>\n<p>L&#8217;Usuari garanteix la veracitat, exactitud i adequaci\u00f3 de tota la informaci\u00f3 i dades que faciliti a trav\u00e9s dels formularis de la Web F&amp;M, aix\u00ed com que la seva comunicaci\u00f3 a Faus &amp; Moliner no infringeix cap dret de tercer.<\/p>\n<p>Els Continguts de la Web F&amp;M tenen finalitats \u00fanicament informatives i en cap concepte s\u00f3n substitutius de l&#8217;assessorament legal de cap tipus. Els Continguts poguessin no reflectir l&#8217;estat legislatiu o jurisprudencial m\u00e9s recent sobre les q\u00fcestions analitzades. L&#8217;acc\u00e9s als Continguts tampoc pret\u00e9n constituir ni implica relaci\u00f3 alguna entre advocat i client, ni qualsevol altre tipus de relaci\u00f3 de confian\u00e7a entre Faus &amp; Moliner i l&#8217;Usuari. Per aix\u00f2, l&#8217;Usuari no ha d&#8217;actuar sobre la base dels Continguts sense rec\u00f3rrer pr\u00e8viament al corresponent assessorament professional. Faus &amp; Moliner no es responsabilitza de les decisions preses a partir dels Continguts existents en la Web F&amp;M, ni tampoc dels danys i perjudicis produ\u00efts en l&#8217;Usuari o tercers amb motiu d&#8217;actuacions basades en els Continguts.<\/p>\n<p>Correspon a l&#8217;Usuari l&#8217;obligaci\u00f3 de disposar de tots els mitjans t\u00e8cnics adequats per accedir a la Web F&amp;M, aix\u00ed com de les eines precises per a la detecci\u00f3 i desinfecci\u00f3 de programes inform\u00e0tics nocius. Faus &amp; Moliner no es responsabilitza dels danys o perjudicis de qualsevol tipus produ\u00efts en l&#8217;Usuari que portin causa de fallades o desconnexions a les xarxes de telecomunicacions o de qualsevol altra defici\u00e8ncia t\u00e8cnica que produeixin la suspensi\u00f3, cancel\u00b7laci\u00f3 o interrupci\u00f3 del servei de la Web F&amp;M. Aix\u00ed mateix, Faus &amp; Moliner tampoc es responsabilitza dels danys produ\u00efts en els equips inform\u00e0tics de l&#8217;Usuari o de tercers per l&#8217;acc\u00e9s a la Web F&amp;M.<\/p>\n<p><strong style=\"line-height: 1.5;\">6. \u00a0 \u00a0 \u00a0 \u00a0<strong>PROTECCI\u00d3 DE DADES PERSONALS<\/strong><\/strong><\/p>\n<p><strong>6.1.<\/strong>\u00a0 \u00a0 \u00a0Informaci\u00f3 i consentiment<\/p>\n<p>En compliment amb el que es disposa en la vigent normativa sobre Protecci\u00f3 de Dades de Car\u00e0cter Personal, li informem que les dades personals i informaci\u00f3 que l&#8217;Usuari de forma volunt\u00e0ria ens faciliti en emplenar qualsevol formulari electr\u00f2nic disponible en la Web F&amp;M\u00a0per part de l&#8217;Usuari o per correu electr\u00f2nic (\u201cDades\u201d), seran incorporats en un fitxer de dades de car\u00e0cter personal titularitat de Faus &amp; Moliner. La finalitat del tractament de les Dades \u00e9s gestionar la relaci\u00f3 que en cada cas mantinguem amb l&#8217;Usuari.<\/p>\n<p>L&#8217;enviament de correus electr\u00f2nics o l&#8217;emplenament de formularis inclosos en la Web F&amp;M implica el consentiment\u00a0inequ\u00edvoc de l&#8217;Usuari a la inclusi\u00f3 de les seves dades de car\u00e0cter personal en el fitxer referit anteriorment i el seu consentiment al fet que les seves Dades siguin utilitzades d&#8217;acord amb la finalitat abans descrita.\u00a0Per la seva banda, Faus &amp; Moliner podr\u00e0 incloure a l&#8217;Usuari en les seves llistes de distribuci\u00f3 i remetre-li emails informatius sobre Faus &amp; Moliner i les seves activitats (tals com el Butllet\u00ed Capsulas, not\u00edcies, publicacions i events), o qualssevol altres comunicacions comercials sobre Faus &amp; Moliner, sempre que compti amb el consentiment expr\u00e9s de l&#8217;Usuari.<\/p>\n<p>Faus &amp; Moliner podr\u00e0 contractar l&#8217;emmagatzematge i gesti\u00f3 de les dades de car\u00e0cter personal dels Usuaris amb empreses prove\u00efdores de serveis d&#8217;Internet. Aquestes empreses actuaran com a encarregades del tractament, les quals actuaran amb estricta subjecci\u00f3 a les instruccions cursades per Faus &amp; Moliner i ple respecte a la vigent normativa sobre Protecci\u00f3 de Dades de Car\u00e0cter Personal. No es realitzaran transfer\u00e8ncies internacionals de dades a tercers pa\u00efsos fora de la Uni\u00f3 Europea o a pa\u00efsos que no garanteixin un nivell adequat de protecci\u00f3 d&#8217;acord amb la vigent normativa sobre Protecci\u00f3 de Dades de Car\u00e0cter Personal.<\/p>\n<p>Les dades de car\u00e0cter personal de l&#8217;Usuari es conservaran mentre existeixi un inter\u00e8s mutu per mantenir la fi del tractament i quan ja no sigui necessari per a tal fi, se suprimiran amb mesures de seguretat adequades per garantir la\u00a0seudonimizaci\u00f3 de les dades o la destrucci\u00f3 total dels mateixos.<\/p>\n<p><strong>6.2.\u00a0 \u00a0<\/strong> Mesures de seguretat<\/p>\n<p>Faus &amp; Moliner compleix amb la vigent normativa sobre Protecci\u00f3 de Dades de Car\u00e0cter Personal, i manifesta que les dades s\u00f3n tractades de manera l\u00edcita, lleial i transparent en relaci\u00f3 amb l&#8217;interessat i adequats, pertinents i limitats al necessari en relaci\u00f3 amb les finalitats pels quals s\u00f3n tractats.<\/p>\n<p>Faus &amp; Moliner garanteix que ha implementat pol\u00edtiques t\u00e8cniques i organitzatives apropiades per aplicar les mesures de seguretat que estableix la vigent normativa sobre Protecci\u00f3 de Dades de Car\u00e0cter Personal, amb la finalitat de protegir els drets i llibertats dels Usuaris.<\/p>\n<p><strong>6.3.\u00a0 \u00a0 \u00a0<\/strong>Drets que assisteixen a l&#8217;Usuari<\/p>\n<p>L&#8217;Usuari podr\u00e0 exercir els seus drets d&#8217;Acc\u00e9s, Rectificaci\u00f3, Portabilitat i Supressi\u00f3 de les seves dades i a la Limitaci\u00f3 o Oposici\u00f3 al seu tractament en els termes previstos en la vigent normativa sobre Protecci\u00f3 de Dades de Car\u00e0cter Personal, havent de para aix\u00f2 dirigir una comunicaci\u00f3 mitjan\u00e7ant correu postal a Faus &amp; Moliner, Rambla Catalunya, 135, 3\u00ba 2\u00aa, 08008 Barcelona, o enviant un missatge de correu electr\u00f2nic a la seg\u00fcent adre\u00e7a: <a href=\"mailto:bcn@faus-moliner.com\">bcn@faus-moliner.com<\/a>,\u00a0indicant en tots dos casos el seu nom i cognoms, un domicili a l&#8217;efecte de notificacions, fotoc\u00f2pia del seu document nacional d&#8217;identitat o passaport, i indicaci\u00f3 del concret dret exercitat.\u00a0Tamb\u00e9 t\u00e9 dret a retirar el consentiment\u00a0en qualsevol moment, i a presentar una reclamaci\u00f3 davant l&#8217;autoritat de control (www.agpd.es) si considera que el tractament no s&#8217;ajusta a la normativa vigent.<\/p>\n<p><strong>7. \u00a0 \u00a0 \u00a0 \u00a0POL\u00cdTICA DE COOKIES<\/strong><\/p>\n<p>En compliment del que es disposa en l&#8217;article 22.2 LSSI, Faus &amp; Moliner \u00fanicament utilitzar\u00e0 dispositius d&#8217;emmagatzematge i recuperaci\u00f3 de dades (\u201cCookies\u201d) quan l&#8217;Usuari hagi donat el seu consentiment previ per a aix\u00f2 d&#8217;acord amb el que s&#8217;indica en la finestra emergent del navegador de l&#8217;usuari quan accedeix per primera vegada a la Web F&amp;M i en els altres termes i condicions que s&#8217;indiquen en la <a href=\"https:\/\/faus-moliner.com\/ca\/politica-de-cookies\/\">Pol\u00edtica de Cookies<\/a> de Faus &amp; Moliner que tot Usuari ha de con\u00e8ixer. Les cookies s&#8217;utilitzen amb la finalitat de facilitar la navegaci\u00f3 i oferir un servei personalitzat i constitueixen una eina per obtenir dades estad\u00edstiques de l&#8217;\u00fas de la Web F&amp;M. En cap cas s&#8217;utilitzen per emmagatzemar informaci\u00f3 que pugui identificar a l&#8217;Usuari.<\/p>\n<p><strong style=\"line-height: 1.5;\">8. \u00a0 \u00a0 \u00a0 \u00a0LEGISLACI\u00d3 I FUR APLICABLE<\/strong><\/p>\n<p>Els presents termes i condicions es regeixen per la llei espanyola. Les parts, quan ho permeti la llei, renuncien expressament a qualsevol altre fur que pogu\u00e9s correspondre&#8217;ls, acordant sotmetre&#8217;s a la Jurisdicci\u00f3 dels Jutjats i Tribunals de la ciutat de Barcelona, Espanya.<\/p>\n<p>Per a qualsevol suggeriment, escrigui&#8217;ns\u00a0a <a href=\"mailto:bcn@faus-moliner.com\">bcn@faus-moliner.com<\/a>.<\/p>\n","protected":false},"excerpt":{"rendered":"<p>AV\u00cdS LEGAL I POL\u00cdTICA DE PRIVADESA del lloc WEB DE\u00a0FAUS &amp; MOLINER ABOGADOS, S.L.P. Les presents disposicions regulen l&#8217;\u00fas del servei del portal d&#8217;Internet https:\/\/faus-moliner.com\/ que Faus &amp; Moliner Advocats, S.L.P. (\u201cFaus &amp; Moliner\u201d) posa a la disposici\u00f3 dels usuaris d&#8217;Internet (la \u201cWeb F&amp;M\u201d). 1. \u00a0 \u00a0 \u00a0 \u00a0INFORMACI\u00d3 LEGAL Faus &amp; Moliner t\u00e9 el&#8230; <\/p>\n<div class=\"clear\"><\/div>\n<p><a href=\"https:\/\/faus-moliner.com\/ca\/avis-legal\/\" class=\"excerpt-read-more\">M\u00e9s informaci\u00f3<\/a><\/p>\n","protected":false},"author":1,"featured_media":0,"parent":0,"menu_order":0,"comment_status":"closed","ping_status":"closed","template":"","meta":{"_acf_changed":false,"inline_featured_image":false,"footnotes":""},"coauthors":[413],"class_list":["post-6115","page","type-page","status-publish","hentry"],"acf":[],"yoast_head":"<!-- This site is optimized with the Yoast SEO plugin v26.6 - https:\/\/yoast.com\/wordpress\/plugins\/seo\/ -->\n<title>Av\u00eds legal - Faus Moliner<\/title>\n<meta name=\"robots\" content=\"index, follow, max-snippet:-1, max-image-preview:large, max-video-preview:-1\" \/>\n<link rel=\"canonical\" href=\"https:\/\/faus-moliner.com\/ca\/avis-legal\/\" \/>\n<meta property=\"og:locale\" content=\"ca_ES\" \/>\n<meta property=\"og:type\" content=\"article\" \/>\n<meta property=\"og:title\" content=\"Av\u00eds legal - Faus Moliner\" \/>\n<meta property=\"og:description\" content=\"AV\u00cdS LEGAL I POL\u00cdTICA DE PRIVADESA del lloc WEB DE\u00a0FAUS &amp; MOLINER ABOGADOS, S.L.P. Les presents disposicions regulen l&#8217;\u00fas del servei del portal d&#8217;Internet https:\/\/faus-moliner.com\/ que Faus &amp; Moliner Advocats, S.L.P. (\u201cFaus &amp; Moliner\u201d) posa a la disposici\u00f3 dels usuaris d&#8217;Internet (la \u201cWeb F&amp;M\u201d). 1. \u00a0 \u00a0 \u00a0 \u00a0INFORMACI\u00d3 LEGAL Faus &amp; Moliner t\u00e9 el... M\u00e9s informaci\u00f3\" \/>\n<meta property=\"og:url\" content=\"https:\/\/faus-moliner.com\/ca\/avis-legal\/\" \/>\n<meta property=\"og:site_name\" content=\"Faus Moliner\" \/>\n<meta property=\"article:modified_time\" content=\"2018-05-10T11:58:11+00:00\" \/>\n<meta name=\"twitter:card\" content=\"summary_large_image\" \/>\n<meta name=\"twitter:label1\" content=\"Temps estimat de lectura\" \/>\n\t<meta name=\"twitter:data1\" content=\"11 minuts\" \/>\n<script type=\"application\/ld+json\" class=\"yoast-schema-graph\">{\"@context\":\"https:\/\/schema.org\",\"@graph\":[{\"@type\":\"WebPage\",\"@id\":\"https:\/\/faus-moliner.com\/ca\/avis-legal\/\",\"url\":\"https:\/\/faus-moliner.com\/ca\/avis-legal\/\",\"name\":\"Av\u00eds legal - Faus Moliner\",\"isPartOf\":{\"@id\":\"https:\/\/faus-moliner.com\/en\/#website\"},\"datePublished\":\"2015-10-05T08:18:56+00:00\",\"dateModified\":\"2018-05-10T11:58:11+00:00\",\"breadcrumb\":{\"@id\":\"https:\/\/faus-moliner.com\/ca\/avis-legal\/#breadcrumb\"},\"inLanguage\":\"ca\",\"potentialAction\":[{\"@type\":\"ReadAction\",\"target\":[\"https:\/\/faus-moliner.com\/ca\/avis-legal\/\"]}]},{\"@type\":\"BreadcrumbList\",\"@id\":\"https:\/\/faus-moliner.com\/ca\/avis-legal\/#breadcrumb\",\"itemListElement\":[{\"@type\":\"ListItem\",\"position\":1,\"name\":\"Portada\",\"item\":\"https:\/\/faus-moliner.com\/ca\/\"},{\"@type\":\"ListItem\",\"position\":2,\"name\":\"Av\u00eds legal\"}]},{\"@type\":\"WebSite\",\"@id\":\"https:\/\/faus-moliner.com\/en\/#website\",\"url\":\"https:\/\/faus-moliner.com\/en\/\",\"name\":\"faus-moliner.com\",\"description\":\"Otro sitio realizado con WordPress\",\"publisher\":{\"@id\":\"https:\/\/faus-moliner.com\/en\/#organization\"},\"potentialAction\":[{\"@type\":\"SearchAction\",\"target\":{\"@type\":\"EntryPoint\",\"urlTemplate\":\"https:\/\/faus-moliner.com\/en\/?s={search_term_string}\"},\"query-input\":{\"@type\":\"PropertyValueSpecification\",\"valueRequired\":true,\"valueName\":\"search_term_string\"}}],\"inLanguage\":\"ca\"},{\"@type\":\"Organization\",\"@id\":\"https:\/\/faus-moliner.com\/en\/#organization\",\"name\":\"Faus Moliner\",\"url\":\"https:\/\/faus-moliner.com\/en\/\",\"logo\":{\"@type\":\"ImageObject\",\"inLanguage\":\"ca\",\"@id\":\"https:\/\/faus-moliner.com\/en\/#\/schema\/logo\/image\/\",\"url\":\"https:\/\/faus-moliner.com\/wp-content\/uploads\/2023\/03\/Logo-FM-web.jpg\",\"contentUrl\":\"https:\/\/faus-moliner.com\/wp-content\/uploads\/2023\/03\/Logo-FM-web.jpg\",\"width\":400,\"height\":283,\"caption\":\"Faus Moliner\"},\"image\":{\"@id\":\"https:\/\/faus-moliner.com\/en\/#\/schema\/logo\/image\/\"},\"sameAs\":[\"https:\/\/www.linkedin.com\/company\/2372042\/admin\/\"]}]}<\/script>\n<!-- \/ Yoast SEO plugin. -->","yoast_head_json":{"title":"Av\u00eds legal - Faus Moliner","robots":{"index":"index","follow":"follow","max-snippet":"max-snippet:-1","max-image-preview":"max-image-preview:large","max-video-preview":"max-video-preview:-1"},"canonical":"https:\/\/faus-moliner.com\/ca\/avis-legal\/","og_locale":"ca_ES","og_type":"article","og_title":"Av\u00eds legal - Faus Moliner","og_description":"AV\u00cdS LEGAL I POL\u00cdTICA DE PRIVADESA del lloc WEB DE\u00a0FAUS &amp; MOLINER ABOGADOS, S.L.P. Les presents disposicions regulen l&#8217;\u00fas del servei del portal d&#8217;Internet https:\/\/faus-moliner.com\/ que Faus &amp; Moliner Advocats, S.L.P. (\u201cFaus &amp; Moliner\u201d) posa a la disposici\u00f3 dels usuaris d&#8217;Internet (la \u201cWeb F&amp;M\u201d). 1. \u00a0 \u00a0 \u00a0 \u00a0INFORMACI\u00d3 LEGAL Faus &amp; Moliner t\u00e9 el... M\u00e9s informaci\u00f3","og_url":"https:\/\/faus-moliner.com\/ca\/avis-legal\/","og_site_name":"Faus Moliner","article_modified_time":"2018-05-10T11:58:11+00:00","twitter_card":"summary_large_image","twitter_misc":{"Temps estimat de lectura":"11 minuts"},"schema":{"@context":"https:\/\/schema.org","@graph":[{"@type":"WebPage","@id":"https:\/\/faus-moliner.com\/ca\/avis-legal\/","url":"https:\/\/faus-moliner.com\/ca\/avis-legal\/","name":"Av\u00eds legal - Faus Moliner","isPartOf":{"@id":"https:\/\/faus-moliner.com\/en\/#website"},"datePublished":"2015-10-05T08:18:56+00:00","dateModified":"2018-05-10T11:58:11+00:00","breadcrumb":{"@id":"https:\/\/faus-moliner.com\/ca\/avis-legal\/#breadcrumb"},"inLanguage":"ca","potentialAction":[{"@type":"ReadAction","target":["https:\/\/faus-moliner.com\/ca\/avis-legal\/"]}]},{"@type":"BreadcrumbList","@id":"https:\/\/faus-moliner.com\/ca\/avis-legal\/#breadcrumb","itemListElement":[{"@type":"ListItem","position":1,"name":"Portada","item":"https:\/\/faus-moliner.com\/ca\/"},{"@type":"ListItem","position":2,"name":"Av\u00eds legal"}]},{"@type":"WebSite","@id":"https:\/\/faus-moliner.com\/en\/#website","url":"https:\/\/faus-moliner.com\/en\/","name":"faus-moliner.com","description":"Otro sitio realizado con WordPress","publisher":{"@id":"https:\/\/faus-moliner.com\/en\/#organization"},"potentialAction":[{"@type":"SearchAction","target":{"@type":"EntryPoint","urlTemplate":"https:\/\/faus-moliner.com\/en\/?s={search_term_string}"},"query-input":{"@type":"PropertyValueSpecification","valueRequired":true,"valueName":"search_term_string"}}],"inLanguage":"ca"},{"@type":"Organization","@id":"https:\/\/faus-moliner.com\/en\/#organization","name":"Faus Moliner","url":"https:\/\/faus-moliner.com\/en\/","logo":{"@type":"ImageObject","inLanguage":"ca","@id":"https:\/\/faus-moliner.com\/en\/#\/schema\/logo\/image\/","url":"https:\/\/faus-moliner.com\/wp-content\/uploads\/2023\/03\/Logo-FM-web.jpg","contentUrl":"https:\/\/faus-moliner.com\/wp-content\/uploads\/2023\/03\/Logo-FM-web.jpg","width":400,"height":283,"caption":"Faus Moliner"},"image":{"@id":"https:\/\/faus-moliner.com\/en\/#\/schema\/logo\/image\/"},"sameAs":["https:\/\/www.linkedin.com\/company\/2372042\/admin\/"]}]}},"_links":{"self":[{"href":"https:\/\/faus-moliner.com\/ca\/wp-json\/wp\/v2\/pages\/6115","targetHints":{"allow":["GET"]}}],"collection":[{"href":"https:\/\/faus-moliner.com\/ca\/wp-json\/wp\/v2\/pages"}],"about":[{"href":"https:\/\/faus-moliner.com\/ca\/wp-json\/wp\/v2\/types\/page"}],"author":[{"embeddable":true,"href":"https:\/\/faus-moliner.com\/ca\/wp-json\/wp\/v2\/users\/1"}],"replies":[{"embeddable":true,"href":"https:\/\/faus-moliner.com\/ca\/wp-json\/wp\/v2\/comments?post=6115"}],"version-history":[{"count":0,"href":"https:\/\/faus-moliner.com\/ca\/wp-json\/wp\/v2\/pages\/6115\/revisions"}],"wp:attachment":[{"href":"https:\/\/faus-moliner.com\/ca\/wp-json\/wp\/v2\/media?parent=6115"}],"wp:term":[{"taxonomy":"author","embeddable":true,"href":"https:\/\/faus-moliner.com\/ca\/wp-json\/wp\/v2\/coauthors?post=6115"}],"curies":[{"name":"wp","href":"https:\/\/api.w.org\/{rel}","templated":true}]}}