{"id":6096,"date":"2015-10-05T10:00:19","date_gmt":"2015-10-05T08:00:19","guid":{"rendered":"https:\/\/faus-moliner.com\/?page_id=6096"},"modified":"2016-03-07T14:39:35","modified_gmt":"2016-03-07T12:39:35","slug":"cookies-policy","status":"publish","type":"page","link":"https:\/\/faus-moliner.com\/en\/cookies-policy\/","title":{"rendered":"Cookies policy"},"content":{"rendered":"<p><strong>COOKIES POLICY<\/strong><\/p>\n<p><strong style=\"line-height: 1.5;\">1. \u00a0 \u00a0 \u00a0 <strong>What is a <\/strong>cookie?<\/strong><\/p>\n<p>A cookie is a file downloaded onto your computer\/tablet\/smartphone when accessing certain websites and\/or applications. Among other features, cookies enable information on the browsing habits of users or their equipment to be stored and recovered and, depending on the information contained and how the equipment is utilized, they can be used to recognize users.<\/p>\n<p><strong style=\"line-height: 1.5;\">2. \u00a0 \u00a0 \u00a0<\/strong><strong>What types of cookies does the website of Faus &amp; Moliner use?<\/strong><\/p>\n<p>1. a) Depending on the entity managing them:<\/p>\n<p>Session cookies: These are a type of cookies designed to collect and store data while users access our website.<\/p>\n<p>Persistent cookies: These are a type of cookies in which the data continues to be stored on the terminal and can be accessed and processed during a defined period (ranging from a few minutes to several years) by the party responsible for the cookie.<\/p>\n<p><span style=\"line-height: 1.5;\">.<\/span>1. b) Depending on how long they remain activated:<\/p>\n<p>Cookies de sesi\u00f3n: Son un tipo de cookies dise\u00f1adas para recabar y almacenar datos mientras el usuario accede a nuestra p\u00e1gina web.<\/p>\n<p>Cookies persistentes: Son un tipo de cookies en el que los datos siguen almacenados en el terminal y pueden ser accedidos y tratados durante un periodo definido por el responsable de la cookie, y que puede ir de unos minutos a varios a\u00f1os.<\/p>\n<p>1. c) According to the purpose for which they are processed:<\/p>\n<p>Analysis cookies: These are cookies processed by us or third parties, which enable us to quantify the number of users and analyze their use of the service offered. For this, their browsing on our website or application is analyzed to improve our offer of products or services.<\/p>\n<p>Technical cookies: These are cookies processed by us or third parties, which enable users to browse via our website and use the various options and services available, such as plug-ins to exchange social contents, user authentication or identification, and multimedia device sessions.<\/p>\n<p>Personalization cookies: These are cookies processed by us or third parties, which enable users to access the service with certain general characteristics predefined depending on a series of criteria on their terminals, such as the pre-established language of the website.<\/p>\n<p><strong style=\"line-height: 1.5;\">3. \u00a0 \u00a0 \u00a0 <strong>Deactivation or removal of cookies<\/strong>\u00a0<\/strong><\/p>\n<p>You can enable, block or remove the cookies installed on your device by configuring the options of the browser installed on your computer\/tablet\/smartphone.<\/p>\n<p>For further information on Internet Explorer click\u00a0<a href=\"http:\/\/windows.microsoft.com\/en-US\/windows-vista\/block-or-allow-cookies\" target=\"_blank\">aqu\u00ed<\/a>.<\/p>\n<p>For further information on Google Chrome click <a href=\"https:\/\/support.google.com\/accounts\/answer\/61416?hl=en\" target=\"_blank\">aqu\u00ed<\/a>.<\/p>\n<p>For further information on Firefox click\u00a0<a href=\"http:\/\/support.mozilla.org\/en-US\/kb\/disable-third-party-cookies\" target=\"_blank\">aqu\u00ed<\/a>.<\/p>\n<p>For further information on Safari click <a href=\"http:\/\/support.apple.com\/kb\/ph5042\" target=\"_blank\">aqu\u00ed<\/a>.<\/p>\n<p>For further information on Opera click <a href=\"http:\/\/www.opera.com\/help\/tutorials\/security\/privacy\/\" target=\"_blank\">aqu\u00ed<\/a>.<\/p>\n<p><strong style=\"line-height: 1.5;\">4. \u00a0 \u00a0 \u00a0 <strong>Use of <\/strong> cookies<\/strong><\/p>\n<p>On this website we also use third-party cookies to analyze browsing information, enable content-sharing on social networks and play videos hosted on other websites. The following links show the cookies policy of each of these companies:<\/p>\n<ul>\n<li>Google Analytics, check the following links:<\/li>\n<\/ul>\n<ul>\n<li><a href=\"https:\/\/developers.google.com\/analytics\/devguides\/collection\/analyticsjs\/cookie-usage\" target=\"_blank\">https:\/\/developers.google.com\/analytics\/devguides\/collection\/analyticsjs\/cookie-usage<\/a><\/li>\n<li><a href=\"https:\/\/www.google.com\/analytics\/learn\/privacy.html%20\" target=\"_blank\">https:\/\/www.google.com\/analytics\/learn\/privacy.html<\/a><\/li>\n<li><a href=\"http:\/\/www.google.com\/intl\/en-US\/policies\/technologies\/cookies\/\" target=\"_blank\">http:\/\/www.google.com\/intl\/en-US\/policies\/technologies\/cookies\/<\/a><\/li>\n<\/ul>\n<ul>\n<li>Twitter, check the following link: <a href=\"https:\/\/support.twitter.com\/articles\/20170521\" target=\"_blank\">https:\/\/support.twitter.com\/articles\/20170521#<\/a><\/li>\n<li>Linkedin, check the following link: <a href=\"https:\/\/www.linkedin.com\/legal\/cookie-policy?trk=uno-reg-guest-home-cookie-policy\" target=\"_blank\">https:\/\/www.linkedin.com\/legal\/cookie-policy?trk=uno-reg-guest-home-cookie-policy<\/a><\/li>\n<li>Facebook, check the following link: <a href=\"https:\/\/es-es.facebook.com\/help\/cookies\/?ref=sitefooter\" target=\"_blank\">https:\/\/es-es.facebook.com\/help\/cookies\/?ref=sitefooter<\/a><\/li>\n<\/ul>\n<p><strong>5. \u00a0 \u00a0 \u00a0 \u00a0Consent<\/strong><\/p>\n<p>By browsing on our website or accessing our application, you accept the use and installation of cookies.<\/p>\n<p>You can withdraw your consent at any time by removing the cookies installed on your device by configuring the browser options, as described in the section on \u201cdeactivation or removal of cookies.\u201d However, this might affect the features of the website or application, making your user experience less satisfactory.<\/p>\n","protected":false},"excerpt":{"rendered":"<p>COOKIES POLICY 1. \u00a0 \u00a0 \u00a0 What is a cookie? A cookie is a file downloaded onto your computer\/tablet\/smartphone when accessing certain websites and\/or applications. Among other features, cookies enable information on the browsing habits of users or their equipment to be stored and recovered and, depending on the information contained and how the equipment&#8230; <\/p>\n<div class=\"clear\"><\/div>\n<p><a href=\"https:\/\/faus-moliner.com\/en\/cookies-policy\/\" class=\"excerpt-read-more\">Read More<\/a><\/p>\n","protected":false},"author":1,"featured_media":0,"parent":0,"menu_order":0,"comment_status":"closed","ping_status":"closed","template":"","meta":{"_acf_changed":false,"inline_featured_image":false,"footnotes":""},"coauthors":[106],"class_list":["post-6096","page","type-page","status-publish","hentry"],"acf":[],"yoast_head":"<!-- This site is optimized with the Yoast SEO plugin v26.6 - https:\/\/yoast.com\/wordpress\/plugins\/seo\/ -->\n<title>Cookies policy - Faus Moliner<\/title>\n<meta name=\"robots\" content=\"index, follow, max-snippet:-1, max-image-preview:large, max-video-preview:-1\" \/>\n<link rel=\"canonical\" href=\"https:\/\/faus-moliner.com\/en\/cookies-policy\/\" \/>\n<meta property=\"og:locale\" content=\"en_US\" \/>\n<meta property=\"og:type\" content=\"article\" \/>\n<meta property=\"og:title\" content=\"Cookies policy - Faus Moliner\" \/>\n<meta property=\"og:description\" content=\"COOKIES POLICY 1. \u00a0 \u00a0 \u00a0 What is a cookie? A cookie is a file downloaded onto your computer\/tablet\/smartphone when accessing certain websites and\/or applications. Among other features, cookies enable information on the browsing habits of users or their equipment to be stored and recovered and, depending on the information contained and how the equipment... Read More\" \/>\n<meta property=\"og:url\" content=\"https:\/\/faus-moliner.com\/en\/cookies-policy\/\" \/>\n<meta property=\"og:site_name\" content=\"Faus Moliner\" \/>\n<meta property=\"article:modified_time\" content=\"2016-03-07T12:39:35+00:00\" \/>\n<meta name=\"twitter:card\" content=\"summary_large_image\" \/>\n<meta name=\"twitter:label1\" content=\"Est. reading time\" \/>\n\t<meta name=\"twitter:data1\" content=\"3 minutes\" \/>\n\t<meta name=\"twitter:label2\" content=\"Written by\" \/>\n\t<meta name=\"twitter:data2\" content=\"Faus Moliner\" \/>\n<script type=\"application\/ld+json\" class=\"yoast-schema-graph\">{\"@context\":\"https:\/\/schema.org\",\"@graph\":[{\"@type\":\"WebPage\",\"@id\":\"https:\/\/faus-moliner.com\/en\/cookies-policy\/\",\"url\":\"https:\/\/faus-moliner.com\/en\/cookies-policy\/\",\"name\":\"Cookies policy - Faus Moliner\",\"isPartOf\":{\"@id\":\"https:\/\/faus-moliner.com\/en\/#website\"},\"datePublished\":\"2015-10-05T08:00:19+00:00\",\"dateModified\":\"2016-03-07T12:39:35+00:00\",\"breadcrumb\":{\"@id\":\"https:\/\/faus-moliner.com\/en\/cookies-policy\/#breadcrumb\"},\"inLanguage\":\"en-US\",\"potentialAction\":[{\"@type\":\"ReadAction\",\"target\":[\"https:\/\/faus-moliner.com\/en\/cookies-policy\/\"]}]},{\"@type\":\"BreadcrumbList\",\"@id\":\"https:\/\/faus-moliner.com\/en\/cookies-policy\/#breadcrumb\",\"itemListElement\":[{\"@type\":\"ListItem\",\"position\":1,\"name\":\"Portada\",\"item\":\"https:\/\/faus-moliner.com\/en\/\"},{\"@type\":\"ListItem\",\"position\":2,\"name\":\"Cookies policy\"}]},{\"@type\":\"WebSite\",\"@id\":\"https:\/\/faus-moliner.com\/en\/#website\",\"url\":\"https:\/\/faus-moliner.com\/en\/\",\"name\":\"faus-moliner.com\",\"description\":\"Otro sitio realizado con WordPress\",\"publisher\":{\"@id\":\"https:\/\/faus-moliner.com\/en\/#organization\"},\"potentialAction\":[{\"@type\":\"SearchAction\",\"target\":{\"@type\":\"EntryPoint\",\"urlTemplate\":\"https:\/\/faus-moliner.com\/en\/?s={search_term_string}\"},\"query-input\":{\"@type\":\"PropertyValueSpecification\",\"valueRequired\":true,\"valueName\":\"search_term_string\"}}],\"inLanguage\":\"en-US\"},{\"@type\":\"Organization\",\"@id\":\"https:\/\/faus-moliner.com\/en\/#organization\",\"name\":\"Faus Moliner\",\"url\":\"https:\/\/faus-moliner.com\/en\/\",\"logo\":{\"@type\":\"ImageObject\",\"inLanguage\":\"en-US\",\"@id\":\"https:\/\/faus-moliner.com\/en\/#\/schema\/logo\/image\/\",\"url\":\"https:\/\/faus-moliner.com\/wp-content\/uploads\/2023\/03\/Logo-FM-web.jpg\",\"contentUrl\":\"https:\/\/faus-moliner.com\/wp-content\/uploads\/2023\/03\/Logo-FM-web.jpg\",\"width\":400,\"height\":283,\"caption\":\"Faus Moliner\"},\"image\":{\"@id\":\"https:\/\/faus-moliner.com\/en\/#\/schema\/logo\/image\/\"},\"sameAs\":[\"https:\/\/www.linkedin.com\/company\/2372042\/admin\/\"]}]}<\/script>\n<!-- \/ Yoast SEO plugin. -->","yoast_head_json":{"title":"Cookies policy - Faus Moliner","robots":{"index":"index","follow":"follow","max-snippet":"max-snippet:-1","max-image-preview":"max-image-preview:large","max-video-preview":"max-video-preview:-1"},"canonical":"https:\/\/faus-moliner.com\/en\/cookies-policy\/","og_locale":"en_US","og_type":"article","og_title":"Cookies policy - Faus Moliner","og_description":"COOKIES POLICY 1. \u00a0 \u00a0 \u00a0 What is a cookie? A cookie is a file downloaded onto your computer\/tablet\/smartphone when accessing certain websites and\/or applications. Among other features, cookies enable information on the browsing habits of users or their equipment to be stored and recovered and, depending on the information contained and how the equipment... Read More","og_url":"https:\/\/faus-moliner.com\/en\/cookies-policy\/","og_site_name":"Faus Moliner","article_modified_time":"2016-03-07T12:39:35+00:00","twitter_card":"summary_large_image","twitter_misc":{"Est. reading time":"3 minutes","Written by":"Faus Moliner"},"schema":{"@context":"https:\/\/schema.org","@graph":[{"@type":"WebPage","@id":"https:\/\/faus-moliner.com\/en\/cookies-policy\/","url":"https:\/\/faus-moliner.com\/en\/cookies-policy\/","name":"Cookies policy - Faus Moliner","isPartOf":{"@id":"https:\/\/faus-moliner.com\/en\/#website"},"datePublished":"2015-10-05T08:00:19+00:00","dateModified":"2016-03-07T12:39:35+00:00","breadcrumb":{"@id":"https:\/\/faus-moliner.com\/en\/cookies-policy\/#breadcrumb"},"inLanguage":"en-US","potentialAction":[{"@type":"ReadAction","target":["https:\/\/faus-moliner.com\/en\/cookies-policy\/"]}]},{"@type":"BreadcrumbList","@id":"https:\/\/faus-moliner.com\/en\/cookies-policy\/#breadcrumb","itemListElement":[{"@type":"ListItem","position":1,"name":"Portada","item":"https:\/\/faus-moliner.com\/en\/"},{"@type":"ListItem","position":2,"name":"Cookies policy"}]},{"@type":"WebSite","@id":"https:\/\/faus-moliner.com\/en\/#website","url":"https:\/\/faus-moliner.com\/en\/","name":"faus-moliner.com","description":"Otro sitio realizado con WordPress","publisher":{"@id":"https:\/\/faus-moliner.com\/en\/#organization"},"potentialAction":[{"@type":"SearchAction","target":{"@type":"EntryPoint","urlTemplate":"https:\/\/faus-moliner.com\/en\/?s={search_term_string}"},"query-input":{"@type":"PropertyValueSpecification","valueRequired":true,"valueName":"search_term_string"}}],"inLanguage":"en-US"},{"@type":"Organization","@id":"https:\/\/faus-moliner.com\/en\/#organization","name":"Faus Moliner","url":"https:\/\/faus-moliner.com\/en\/","logo":{"@type":"ImageObject","inLanguage":"en-US","@id":"https:\/\/faus-moliner.com\/en\/#\/schema\/logo\/image\/","url":"https:\/\/faus-moliner.com\/wp-content\/uploads\/2023\/03\/Logo-FM-web.jpg","contentUrl":"https:\/\/faus-moliner.com\/wp-content\/uploads\/2023\/03\/Logo-FM-web.jpg","width":400,"height":283,"caption":"Faus Moliner"},"image":{"@id":"https:\/\/faus-moliner.com\/en\/#\/schema\/logo\/image\/"},"sameAs":["https:\/\/www.linkedin.com\/company\/2372042\/admin\/"]}]}},"_links":{"self":[{"href":"https:\/\/faus-moliner.com\/en\/wp-json\/wp\/v2\/pages\/6096","targetHints":{"allow":["GET"]}}],"collection":[{"href":"https:\/\/faus-moliner.com\/en\/wp-json\/wp\/v2\/pages"}],"about":[{"href":"https:\/\/faus-moliner.com\/en\/wp-json\/wp\/v2\/types\/page"}],"author":[{"embeddable":true,"href":"https:\/\/faus-moliner.com\/en\/wp-json\/wp\/v2\/users\/1"}],"replies":[{"embeddable":true,"href":"https:\/\/faus-moliner.com\/en\/wp-json\/wp\/v2\/comments?post=6096"}],"version-history":[{"count":0,"href":"https:\/\/faus-moliner.com\/en\/wp-json\/wp\/v2\/pages\/6096\/revisions"}],"wp:attachment":[{"href":"https:\/\/faus-moliner.com\/en\/wp-json\/wp\/v2\/media?parent=6096"}],"wp:term":[{"taxonomy":"author","embeddable":true,"href":"https:\/\/faus-moliner.com\/en\/wp-json\/wp\/v2\/coauthors?post=6096"}],"curies":[{"name":"wp","href":"https:\/\/api.w.org\/{rel}","templated":true}]}}